{"id":989250,"date":"2024-02-02T09:55:09","date_gmt":"2024-02-02T12:55:09","guid":{"rendered":"https:\/\/new.ogasec.com\/?page_id=989250"},"modified":"2024-02-28T12:25:00","modified_gmt":"2024-02-28T15:25:00","slug":"prevencao-a-fraude-e-imagem-marca","status":"publish","type":"page","link":"https:\/\/www.ogasec.com\/index.php\/prevencao-a-fraude-e-imagem-marca\/","title":{"rendered":"Preven\u00e7\u00e3o a fraude e IMAGEM\/MARCA"},"content":{"rendered":"\t\t<div data-elementor-type=\"wp-page\" data-elementor-id=\"989250\" class=\"elementor elementor-989250\" data-elementor-post-type=\"page\">\n\t\t\t\t\t\t<section class=\"elementor-section elementor-top-section elementor-element elementor-element-a886508 elementor-section-height-min-height elementor-section-boxed elementor-section-height-default elementor-section-items-middle\" data-id=\"a886508\" data-element_type=\"section\" data-e-type=\"section\" data-settings=\"{&quot;background_background&quot;:&quot;classic&quot;}\">\n\t\t\t\t\t\t<div class=\"elementor-container elementor-column-gap-default\">\n\t\t\t\t\t<div class=\"elementor-column elementor-col-100 elementor-top-column elementor-element elementor-element-e424c10\" data-id=\"e424c10\" data-element_type=\"column\" data-e-type=\"column\">\n\t\t\t<div class=\"elementor-widget-wrap elementor-element-populated\">\n\t\t\t\t\t\t<div class=\"elementor-element elementor-element-4845f20 animated-slow elementor-invisible elementor-widget elementor-widget-heading\" data-id=\"4845f20\" data-element_type=\"widget\" data-e-type=\"widget\" data-settings=\"{&quot;_animation&quot;:&quot;fadeIn&quot;,&quot;_animation_tablet&quot;:&quot;none&quot;}\" data-widget_type=\"heading.default\">\n\t\t\t\t<div class=\"elementor-widget-container\">\n\t\t\t\t\t<h2 class=\"elementor-heading-title elementor-size-default\">Preven\u00e7\u00e3o a Fraudes, Imagem e Marca<\/h2>\t\t\t\t<\/div>\n\t\t\t\t<\/div>\n\t\t\t\t\t<\/div>\n\t\t<\/div>\n\t\t\t\t\t<\/div>\n\t\t<\/section>\n\t\t\t\t<section class=\"elementor-section elementor-top-section elementor-element elementor-element-2d677f13 elementor-section-boxed elementor-section-height-default elementor-section-height-default\" data-id=\"2d677f13\" data-element_type=\"section\" data-e-type=\"section\">\n\t\t\t\t\t\t<div class=\"elementor-container elementor-column-gap-default\">\n\t\t\t\t\t<div class=\"elementor-column elementor-col-100 elementor-top-column elementor-element elementor-element-3945d568\" data-id=\"3945d568\" data-element_type=\"column\" data-e-type=\"column\">\n\t\t\t<div class=\"elementor-widget-wrap elementor-element-populated\">\n\t\t\t\t\t\t<div class=\"elementor-element elementor-element-67c531fb elementor-widget elementor-widget-spacer\" data-id=\"67c531fb\" data-element_type=\"widget\" data-e-type=\"widget\" data-widget_type=\"spacer.default\">\n\t\t\t\t<div class=\"elementor-widget-container\">\n\t\t\t\t\t\t\t<div class=\"elementor-spacer\">\n\t\t\t<div class=\"elementor-spacer-inner\"><\/div>\n\t\t<\/div>\n\t\t\t\t\t\t<\/div>\n\t\t\t\t<\/div>\n\t\t\t\t<div class=\"elementor-element elementor-element-763b45d0 elementor-widget elementor-widget-spacer\" data-id=\"763b45d0\" data-element_type=\"widget\" data-e-type=\"widget\" data-widget_type=\"spacer.default\">\n\t\t\t\t<div class=\"elementor-widget-container\">\n\t\t\t\t\t\t\t<div class=\"elementor-spacer\">\n\t\t\t<div class=\"elementor-spacer-inner\"><\/div>\n\t\t<\/div>\n\t\t\t\t\t\t<\/div>\n\t\t\t\t<\/div>\n\t\t\t\t<div class=\"elementor-element elementor-element-5e4e56f9 animated-slow elementor-invisible elementor-widget elementor-widget-heading\" data-id=\"5e4e56f9\" data-element_type=\"widget\" data-e-type=\"widget\" data-settings=\"{&quot;_animation&quot;:&quot;fadeIn&quot;,&quot;_animation_tablet&quot;:&quot;none&quot;}\" data-widget_type=\"heading.default\">\n\t\t\t\t<div class=\"elementor-widget-container\">\n\t\t\t\t\t<h2 class=\"elementor-heading-title elementor-size-default\">Preven\u00e7\u00e3o a Fraudes, Imagem e Marcaa<\/h2>\t\t\t\t<\/div>\n\t\t\t\t<\/div>\n\t\t\t\t<div class=\"elementor-element elementor-element-4838e14b animated-slow elementor-invisible elementor-widget elementor-widget-text-editor\" data-id=\"4838e14b\" data-element_type=\"widget\" data-e-type=\"widget\" data-settings=\"{&quot;_animation&quot;:&quot;fadeIn&quot;,&quot;_animation_tablet&quot;:&quot;none&quot;,&quot;_animation_delay&quot;:300}\" data-widget_type=\"text-editor.default\">\n\t\t\t\t<div class=\"elementor-widget-container\">\n\t\t\t\t\t\t\t\t\tA preven\u00e7\u00e3o contra fraudes e vazamentos de dados \u00e9 de extrema import\u00e2ncia nos dias de hoje, dado o aumento constante das amea\u00e7as cibern\u00e9ticas. Ele pode evitar preju\u00edzos financeiros e de reputa\u00e7\u00e3o. Vazamento de dados podem ser utilizados pelos bandidos para ataques de engenharia social e invas\u00e3o de sistemas. Saber que estes vazamentos existem \u00e9 de fundamental import\u00e2ncia para bloquear ataques antes que eles aconte\u00e7am.\t\t\t\t\t\t\t\t<\/div>\n\t\t\t\t<\/div>\n\t\t\t\t<div class=\"elementor-element elementor-element-3f74a56d elementor-widget elementor-widget-spacer\" data-id=\"3f74a56d\" data-element_type=\"widget\" data-e-type=\"widget\" data-widget_type=\"spacer.default\">\n\t\t\t\t<div class=\"elementor-widget-container\">\n\t\t\t\t\t\t\t<div class=\"elementor-spacer\">\n\t\t\t<div class=\"elementor-spacer-inner\"><\/div>\n\t\t<\/div>\n\t\t\t\t\t\t<\/div>\n\t\t\t\t<\/div>\n\t\t\t\t\t<\/div>\n\t\t<\/div>\n\t\t\t\t\t<\/div>\n\t\t<\/section>\n\t\t\t\t<section class=\"elementor-section elementor-top-section elementor-element elementor-element-44ca19e3 elementor-section-boxed elementor-section-height-default elementor-section-height-default\" data-id=\"44ca19e3\" data-element_type=\"section\" data-e-type=\"section\" data-settings=\"{&quot;animation&quot;:&quot;none&quot;,&quot;animation_tablet&quot;:&quot;none&quot;,&quot;background_background&quot;:&quot;classic&quot;}\">\n\t\t\t\t\t\t<div class=\"elementor-container elementor-column-gap-default\">\n\t\t\t\t\t<div class=\"elementor-column elementor-col-100 elementor-top-column elementor-element elementor-element-3e361bc9\" data-id=\"3e361bc9\" data-element_type=\"column\" data-e-type=\"column\" data-settings=\"{&quot;background_background&quot;:&quot;classic&quot;}\">\n\t\t\t<div class=\"elementor-widget-wrap elementor-element-populated\">\n\t\t\t\t\t\t<div class=\"elementor-element elementor-element-556828f5 elementor-widget elementor-widget-spacer\" data-id=\"556828f5\" data-element_type=\"widget\" data-e-type=\"widget\" data-widget_type=\"spacer.default\">\n\t\t\t\t<div class=\"elementor-widget-container\">\n\t\t\t\t\t\t\t<div class=\"elementor-spacer\">\n\t\t\t<div class=\"elementor-spacer-inner\"><\/div>\n\t\t<\/div>\n\t\t\t\t\t\t<\/div>\n\t\t\t\t<\/div>\n\t\t\t\t\t<\/div>\n\t\t<\/div>\n\t\t\t\t\t<\/div>\n\t\t<\/section>\n\t\t\t\t<section class=\"elementor-section elementor-top-section elementor-element elementor-element-33e3638e elementor-section-boxed elementor-section-height-default elementor-section-height-default\" data-id=\"33e3638e\" data-element_type=\"section\" data-e-type=\"section\" data-settings=\"{&quot;animation&quot;:&quot;none&quot;,&quot;animation_tablet&quot;:&quot;none&quot;,&quot;background_background&quot;:&quot;classic&quot;}\">\n\t\t\t\t\t\t<div class=\"elementor-container elementor-column-gap-wider\">\n\t\t\t\t\t<div class=\"elementor-column elementor-col-50 elementor-top-column elementor-element elementor-element-1677e36c\" data-id=\"1677e36c\" data-element_type=\"column\" data-e-type=\"column\" data-settings=\"{&quot;background_background&quot;:&quot;classic&quot;}\">\n\t\t\t<div class=\"elementor-widget-wrap elementor-element-populated\">\n\t\t\t\t\t\t<div class=\"elementor-element elementor-element-5cdb6621 elementor-widget elementor-widget-image\" data-id=\"5cdb6621\" data-element_type=\"widget\" data-e-type=\"widget\" data-widget_type=\"image.default\">\n\t\t\t\t<div class=\"elementor-widget-container\">\n\t\t\t\t\t\t\t\t\t\t\t\t\t\t\t<img alt=\"\" fetchpriority=\"high\" decoding=\"async\" width=\"750\" height=\"400\" src=\"https:\/\/www.ogasec.com\/wp-content\/uploads\/2024\/02\/darkweb.png\" class=\"attachment-large size-large wp-image-990010\" alt=\"\" srcset=\"https:\/\/www.ogasec.com\/wp-content\/uploads\/2024\/02\/darkweb.png 750w, https:\/\/www.ogasec.com\/wp-content\/uploads\/2024\/02\/darkweb-300x160.png 300w\" sizes=\"(max-width: 750px) 100vw, 750px\" \/>\t\t\t\t\t\t\t\t\t\t\t\t\t\t\t<\/div>\n\t\t\t\t<\/div>\n\t\t\t\t\t<\/div>\n\t\t<\/div>\n\t\t\t\t<div class=\"elementor-column elementor-col-50 elementor-top-column elementor-element elementor-element-28543e95\" data-id=\"28543e95\" data-element_type=\"column\" data-e-type=\"column\" data-settings=\"{&quot;background_background&quot;:&quot;classic&quot;}\">\n\t\t\t<div class=\"elementor-widget-wrap elementor-element-populated\">\n\t\t\t\t\t\t<div class=\"elementor-element elementor-element-485be930 elementor-widget elementor-widget-heading\" data-id=\"485be930\" data-element_type=\"widget\" data-e-type=\"widget\" data-widget_type=\"heading.default\">\n\t\t\t\t<div class=\"elementor-widget-container\">\n\t\t\t\t\t<h4 class=\"elementor-heading-title elementor-size-default\">Identifique e evite vazamentos na Dark Web- Syhunt Breach<\/h4>\t\t\t\t<\/div>\n\t\t\t\t<\/div>\n\t\t\t\t<div class=\"elementor-element elementor-element-6c8b6d5b elementor-widget elementor-widget-text-editor\" data-id=\"6c8b6d5b\" data-element_type=\"widget\" data-e-type=\"widget\" data-widget_type=\"text-editor.default\">\n\t\t\t\t<div class=\"elementor-widget-container\">\n\t\t\t\t\t\t\t\t\t<p class=\"\">O Syhunt Breach aponta vazamentos de dados na superf\u00edcie, camadas profundas e escuras da web que afetam sua organiza\u00e7\u00e3o, incluindo exposi\u00e7\u00f5es de arquivos, exposi\u00e7\u00f5es de credenciais e muito mais<\/p><p class=\"\">Encontre dom\u00ednios, URL\u2019s e sites se passando por sua empresa na tentativa de fraudar outros.<\/p>\t\t\t\t\t\t\t\t<\/div>\n\t\t\t\t<\/div>\n\t\t\t\t<div class=\"elementor-element elementor-element-56c1970f elementor-widget elementor-widget-button\" data-id=\"56c1970f\" data-element_type=\"widget\" data-e-type=\"widget\" data-widget_type=\"button.default\">\n\t\t\t\t<div class=\"elementor-widget-container\">\n\t\t\t\t\t\t\t\t\t<div class=\"elementor-button-wrapper\">\n\t\t\t\t\t<a class=\"elementor-button elementor-button-link elementor-size-sm\" href=\"https:\/\/new.ogasec.com\/index.php\/parceiros\/syhunt\/\">\n\t\t\t\t\t\t<span class=\"elementor-button-content-wrapper\">\n\t\t\t\t\t\t\t\t\t<span class=\"elementor-button-text\">Saiba mais<\/span>\n\t\t\t\t\t<\/span>\n\t\t\t\t\t<\/a>\n\t\t\t\t<\/div>\n\t\t\t\t\t\t\t\t<\/div>\n\t\t\t\t<\/div>\n\t\t\t\t\t<\/div>\n\t\t<\/div>\n\t\t\t\t\t<\/div>\n\t\t<\/section>\n\t\t\t\t<section class=\"elementor-section elementor-top-section elementor-element elementor-element-1e290f19 elementor-section-boxed elementor-section-height-default elementor-section-height-default\" data-id=\"1e290f19\" data-element_type=\"section\" data-e-type=\"section\" data-settings=\"{&quot;animation&quot;:&quot;none&quot;,&quot;animation_tablet&quot;:&quot;none&quot;,&quot;background_background&quot;:&quot;classic&quot;}\">\n\t\t\t\t\t\t<div class=\"elementor-container elementor-column-gap-wider\">\n\t\t\t\t\t<div class=\"elementor-column elementor-col-50 elementor-top-column elementor-element elementor-element-4aea22ce\" data-id=\"4aea22ce\" data-element_type=\"column\" data-e-type=\"column\" data-settings=\"{&quot;background_background&quot;:&quot;classic&quot;}\">\n\t\t\t<div class=\"elementor-widget-wrap elementor-element-populated\">\n\t\t\t\t\t\t<div class=\"elementor-element elementor-element-4a4840d1 elementor-widget elementor-widget-heading\" data-id=\"4a4840d1\" data-element_type=\"widget\" data-e-type=\"widget\" data-widget_type=\"heading.default\">\n\t\t\t\t<div class=\"elementor-widget-container\">\n\t\t\t\t\t<h4 class=\"elementor-heading-title elementor-size-default\">Apps e Dom\u00ednios Fraudulentos, redes sociais e takedown<\/h4>\t\t\t\t<\/div>\n\t\t\t\t<\/div>\n\t\t\t\t<div class=\"elementor-element elementor-element-edbc6e1 elementor-widget elementor-widget-text-editor\" data-id=\"edbc6e1\" data-element_type=\"widget\" data-e-type=\"widget\" data-widget_type=\"text-editor.default\">\n\t\t\t\t<div class=\"elementor-widget-container\">\n\t\t\t\t\t\t\t\t\t<p class=\"\">O m\u00f3dulo Rainforest Fraud detecta apps, dom\u00ednios, URLs e sites fraudulentos, permitindo com evid\u00eancias, r\u00e1pidas respostas aos incidentes com takedowns e restaura\u00e7\u00e3o da normalidade. J\u00e1<em> m\u00f3dulo Rainforest Leak monitora a deep, dark e a superf\u00edcie web para encontrar e identificar vazamentos diversos que podem comprometer a reputa\u00e7\u00e3o da sua empresa.<\/em><\/p><p class=\"\">Todos os dias 24.000 apps maliciosos s\u00e3o bloqueados pelas principais lojas de aplicativos. N\u00f3s te ajudamos a detectar apps similares ao seu e promover a\u00e7\u00f5es para que este alcance mais pessoas.<\/p><p class=\"\">Encontre dom\u00ednios, URL\u2019s e sites se passando por sua empresa na tentativa de fraudar outros.<\/p><p class=\"\">Encontre perfis e p\u00e1ginas falsas no Facebook e Instagram, bloqueando seu uso e prevenindo danos \u00e0 sua empresa.<\/p><p class=\"\">Realize solicita\u00e7\u00f5es de takedown com evid\u00eancias diretamente da plataforma e acompanhe o status em tempo real: poder de verdade para proteger seu neg\u00f3cio<\/p>\t\t\t\t\t\t\t\t<\/div>\n\t\t\t\t<\/div>\n\t\t\t\t<div class=\"elementor-element elementor-element-70d6a4dd elementor-widget elementor-widget-button\" data-id=\"70d6a4dd\" data-element_type=\"widget\" data-e-type=\"widget\" data-widget_type=\"button.default\">\n\t\t\t\t<div class=\"elementor-widget-container\">\n\t\t\t\t\t\t\t\t\t<div class=\"elementor-button-wrapper\">\n\t\t\t\t\t<a class=\"elementor-button elementor-button-link elementor-size-sm\" href=\"https:\/\/new.ogasec.com\/index.php\/parceiros\/rainforest\/\">\n\t\t\t\t\t\t<span class=\"elementor-button-content-wrapper\">\n\t\t\t\t\t\t\t\t\t<span class=\"elementor-button-text\">saiba mais<\/span>\n\t\t\t\t\t<\/span>\n\t\t\t\t\t<\/a>\n\t\t\t\t<\/div>\n\t\t\t\t\t\t\t\t<\/div>\n\t\t\t\t<\/div>\n\t\t\t\t\t<\/div>\n\t\t<\/div>\n\t\t\t\t<div class=\"elementor-column elementor-col-50 elementor-top-column elementor-element elementor-element-7a528971\" data-id=\"7a528971\" data-element_type=\"column\" data-e-type=\"column\" data-settings=\"{&quot;background_background&quot;:&quot;classic&quot;}\">\n\t\t\t<div class=\"elementor-widget-wrap elementor-element-populated\">\n\t\t\t\t\t\t<div class=\"elementor-element elementor-element-34137b95 elementor-widget elementor-widget-image\" data-id=\"34137b95\" data-element_type=\"widget\" data-e-type=\"widget\" data-widget_type=\"image.default\">\n\t\t\t\t<div class=\"elementor-widget-container\">\n\t\t\t\t\t\t\t\t\t\t\t\t\t\t\t<img alt=\"\" decoding=\"async\" width=\"750\" height=\"400\" src=\"https:\/\/www.ogasec.com\/wp-content\/uploads\/2024\/02\/takedow2n.png\" class=\"attachment-medium_large size-medium_large wp-image-990016\" alt=\"\" srcset=\"https:\/\/www.ogasec.com\/wp-content\/uploads\/2024\/02\/takedow2n.png 750w, https:\/\/www.ogasec.com\/wp-content\/uploads\/2024\/02\/takedow2n-300x160.png 300w\" sizes=\"(max-width: 750px) 100vw, 750px\" \/>\t\t\t\t\t\t\t\t\t\t\t\t\t\t\t<\/div>\n\t\t\t\t<\/div>\n\t\t\t\t\t<\/div>\n\t\t<\/div>\n\t\t\t\t\t<\/div>\n\t\t<\/section>\n\t\t\t\t<\/div>\n\t\t","protected":false},"excerpt":{"rendered":"<p>Preven\u00e7\u00e3o a Fraudes, Imagem e Marca Preven\u00e7\u00e3o a Fraudes, Imagem e Marcaa A preven\u00e7\u00e3o contra fraudes e vazamentos de dados \u00e9 de extrema import\u00e2ncia nos dias de hoje, dado o aumento constante das amea\u00e7as cibern\u00e9ticas. Ele pode evitar preju\u00edzos financeiros e de reputa\u00e7\u00e3o. Vazamento de dados podem ser utilizados pelos bandidos para ataques de engenharia [&hellip;]<\/p>\n","protected":false},"author":3,"featured_media":0,"parent":0,"menu_order":0,"comment_status":"closed","ping_status":"closed","template":"elementor_theme","meta":{"_seopress_robots_primary_cat":"","_seopress_titles_title":"","_seopress_titles_desc":"","_seopress_robots_index":"","footnotes":""},"class_list":["post-989250","page","type-page","status-publish","hentry"],"_links":{"self":[{"href":"https:\/\/www.ogasec.com\/index.php\/wp-json\/wp\/v2\/pages\/989250","targetHints":{"allow":["GET"]}}],"collection":[{"href":"https:\/\/www.ogasec.com\/index.php\/wp-json\/wp\/v2\/pages"}],"about":[{"href":"https:\/\/www.ogasec.com\/index.php\/wp-json\/wp\/v2\/types\/page"}],"author":[{"embeddable":true,"href":"https:\/\/www.ogasec.com\/index.php\/wp-json\/wp\/v2\/users\/3"}],"replies":[{"embeddable":true,"href":"https:\/\/www.ogasec.com\/index.php\/wp-json\/wp\/v2\/comments?post=989250"}],"version-history":[{"count":21,"href":"https:\/\/www.ogasec.com\/index.php\/wp-json\/wp\/v2\/pages\/989250\/revisions"}],"predecessor-version":[{"id":991627,"href":"https:\/\/www.ogasec.com\/index.php\/wp-json\/wp\/v2\/pages\/989250\/revisions\/991627"}],"wp:attachment":[{"href":"https:\/\/www.ogasec.com\/index.php\/wp-json\/wp\/v2\/media?parent=989250"}],"curies":[{"name":"wp","href":"https:\/\/api.w.org\/{rel}","templated":true}]}}