{"id":991090,"date":"2024-02-23T09:38:01","date_gmt":"2024-02-23T12:38:01","guid":{"rendered":"https:\/\/new.ogasec.com\/?page_id=991090"},"modified":"2024-02-23T09:43:27","modified_gmt":"2024-02-23T12:43:27","slug":"case-concreserv","status":"publish","type":"page","link":"https:\/\/www.ogasec.com\/index.php\/casos-de-sucesso\/case-concreserv\/","title":{"rendered":"CASE CONCRESERV"},"content":{"rendered":"\t\t<div data-elementor-type=\"wp-page\" data-elementor-id=\"991090\" class=\"elementor elementor-991090\" data-elementor-post-type=\"page\">\n\t\t\t\t\t\t<section class=\"elementor-section elementor-top-section elementor-element elementor-element-bd93dde elementor-section-height-min-height elementor-section-boxed elementor-section-height-default elementor-section-items-middle\" data-id=\"bd93dde\" data-element_type=\"section\" data-e-type=\"section\" data-settings=\"{&quot;background_background&quot;:&quot;classic&quot;}\">\n\t\t\t\t\t\t<div class=\"elementor-container elementor-column-gap-default\">\n\t\t\t\t\t<div class=\"elementor-column elementor-col-100 elementor-top-column elementor-element elementor-element-bf3c83b\" data-id=\"bf3c83b\" data-element_type=\"column\" data-e-type=\"column\">\n\t\t\t<div class=\"elementor-widget-wrap elementor-element-populated\">\n\t\t\t\t\t\t<div class=\"elementor-element elementor-element-27254a4 animated-slow elementor-invisible elementor-widget elementor-widget-heading\" data-id=\"27254a4\" data-element_type=\"widget\" data-e-type=\"widget\" data-settings=\"{&quot;_animation&quot;:&quot;fadeIn&quot;,&quot;_animation_tablet&quot;:&quot;none&quot;}\" data-widget_type=\"heading.default\">\n\t\t\t\t<div class=\"elementor-widget-container\">\n\t\t\t\t\t<h2 class=\"elementor-heading-title elementor-size-default\">Cases de Sucesso<\/h2>\t\t\t\t<\/div>\n\t\t\t\t<\/div>\n\t\t\t\t\t<\/div>\n\t\t<\/div>\n\t\t\t\t\t<\/div>\n\t\t<\/section>\n\t\t\t\t<section class=\"elementor-section elementor-top-section elementor-element elementor-element-18bd806 elementor-section-boxed elementor-section-height-default elementor-section-height-default\" data-id=\"18bd806\" data-element_type=\"section\" data-e-type=\"section\">\n\t\t\t\t\t\t<div class=\"elementor-container elementor-column-gap-default\">\n\t\t\t\t\t<div class=\"elementor-column elementor-col-100 elementor-top-column elementor-element elementor-element-398c5e4\" data-id=\"398c5e4\" data-element_type=\"column\" data-e-type=\"column\">\n\t\t\t<div class=\"elementor-widget-wrap elementor-element-populated\">\n\t\t\t\t\t\t<div class=\"elementor-element elementor-element-436e72c elementor-widget elementor-widget-spacer\" data-id=\"436e72c\" data-element_type=\"widget\" data-e-type=\"widget\" data-widget_type=\"spacer.default\">\n\t\t\t\t<div class=\"elementor-widget-container\">\n\t\t\t\t\t\t\t<div class=\"elementor-spacer\">\n\t\t\t<div class=\"elementor-spacer-inner\"><\/div>\n\t\t<\/div>\n\t\t\t\t\t\t<\/div>\n\t\t\t\t<\/div>\n\t\t\t\t<div class=\"elementor-element elementor-element-9572a1d elementor-icon-list--layout-inline elementor-list-item-link-full_width elementor-widget elementor-widget-icon-list\" data-id=\"9572a1d\" data-element_type=\"widget\" data-e-type=\"widget\" data-widget_type=\"icon-list.default\">\n\t\t\t\t<div class=\"elementor-widget-container\">\n\t\t\t\t\t\t\t<ul class=\"elementor-icon-list-items elementor-inline-items\">\n\t\t\t\t\t\t\t<li class=\"elementor-icon-list-item elementor-inline-item\">\n\t\t\t\t\t\t\t\t\t\t\t<a href=\"https:\/\/new.ogasec.com\/\">\n\n\t\t\t\t\t\t\t\t\t\t\t<span class=\"elementor-icon-list-text\">Home<\/span>\n\t\t\t\t\t\t\t\t\t\t\t<\/a>\n\t\t\t\t\t\t\t\t\t<\/li>\n\t\t\t\t\t\t\t\t<li class=\"elementor-icon-list-item elementor-inline-item\">\n\t\t\t\t\t\t\t\t\t\t\t<a href=\"https:\/\/new.ogasec.com\/index.php\/casos-de-sucesso\/\">\n\n\t\t\t\t\t\t\t\t\t\t\t\t<span class=\"elementor-icon-list-icon\">\n\t\t\t\t\t\t\t<svg aria-hidden=\"true\" class=\"e-font-icon-svg e-fas-angle-right\" viewBox=\"0 0 256 512\" xmlns=\"http:\/\/www.w3.org\/2000\/svg\"><path d=\"M224.3 273l-136 136c-9.4 9.4-24.6 9.4-33.9 0l-22.6-22.6c-9.4-9.4-9.4-24.6 0-33.9l96.4-96.4-96.4-96.4c-9.4-9.4-9.4-24.6 0-33.9L54.3 103c9.4-9.4 24.6-9.4 33.9 0l136 136c9.5 9.4 9.5 24.6.1 34z\"><\/path><\/svg>\t\t\t\t\t\t<\/span>\n\t\t\t\t\t\t\t\t\t\t<span class=\"elementor-icon-list-text\">Cases de Sucesso<\/span>\n\t\t\t\t\t\t\t\t\t\t\t<\/a>\n\t\t\t\t\t\t\t\t\t<\/li>\n\t\t\t\t\t\t\t\t<li class=\"elementor-icon-list-item elementor-inline-item\">\n\t\t\t\t\t\t\t\t\t\t\t<span class=\"elementor-icon-list-icon\">\n\t\t\t\t\t\t\t<svg aria-hidden=\"true\" class=\"e-font-icon-svg e-fas-angle-right\" viewBox=\"0 0 256 512\" xmlns=\"http:\/\/www.w3.org\/2000\/svg\"><path d=\"M224.3 273l-136 136c-9.4 9.4-24.6 9.4-33.9 0l-22.6-22.6c-9.4-9.4-9.4-24.6 0-33.9l96.4-96.4-96.4-96.4c-9.4-9.4-9.4-24.6 0-33.9L54.3 103c9.4-9.4 24.6-9.4 33.9 0l136 136c9.5 9.4 9.5 24.6.1 34z\"><\/path><\/svg>\t\t\t\t\t\t<\/span>\n\t\t\t\t\t\t\t\t\t\t<span class=\"elementor-icon-list-text\">Case CONCRESERV<\/span>\n\t\t\t\t\t\t\t\t\t<\/li>\n\t\t\t\t\t\t<\/ul>\n\t\t\t\t\t\t<\/div>\n\t\t\t\t<\/div>\n\t\t\t\t<div class=\"elementor-element elementor-element-e50f6c6 elementor-widget elementor-widget-spacer\" data-id=\"e50f6c6\" data-element_type=\"widget\" data-e-type=\"widget\" data-widget_type=\"spacer.default\">\n\t\t\t\t<div class=\"elementor-widget-container\">\n\t\t\t\t\t\t\t<div class=\"elementor-spacer\">\n\t\t\t<div class=\"elementor-spacer-inner\"><\/div>\n\t\t<\/div>\n\t\t\t\t\t\t<\/div>\n\t\t\t\t<\/div>\n\t\t\t\t<div class=\"elementor-element elementor-element-8a47d3f animated-slow elementor-invisible elementor-widget elementor-widget-heading\" data-id=\"8a47d3f\" data-element_type=\"widget\" data-e-type=\"widget\" data-settings=\"{&quot;_animation&quot;:&quot;fadeIn&quot;,&quot;_animation_tablet&quot;:&quot;none&quot;}\" data-widget_type=\"heading.default\">\n\t\t\t\t<div class=\"elementor-widget-container\">\n\t\t\t\t\t<h2 class=\"elementor-heading-title elementor-size-default\">Case CONCRESERV<\/h2>\t\t\t\t<\/div>\n\t\t\t\t<\/div>\n\t\t\t\t<div class=\"elementor-element elementor-element-c4b6c55 animated-slow elementor-invisible elementor-widget elementor-widget-text-editor\" data-id=\"c4b6c55\" data-element_type=\"widget\" data-e-type=\"widget\" data-settings=\"{&quot;_animation&quot;:&quot;fadeIn&quot;,&quot;_animation_tablet&quot;:&quot;none&quot;,&quot;_animation_delay&quot;:300}\" data-widget_type=\"text-editor.default\">\n\t\t\t\t<div class=\"elementor-widget-container\">\n\t\t\t\t\t\t\t\t\t<p>O Cliente<br \/>Concreserv reduz custos e aumenta performance com seguran\u00e7a unificada.<br \/>Mudan\u00e7a gerou economia de 75% com custos de manuten\u00e7\u00e3o e preju\u00edzos ocasionados por indisponibilidade dos servi\u00e7os.<\/p><p>A Concreserv, especializada em produ\u00e7\u00e3o de concreto usinado, com capacidade anual de entrega de 2 milh\u00f5es de toneladas, decidiu atualizar sua estrat\u00e9gia de seguran\u00e7a cibern\u00e9tica e partiu para a ado\u00e7\u00e3o de uma central unificada de seguran\u00e7a com a tecnologia de Firewall UTM da Aker N-Stalker.<\/p><p>Os Desafios<br \/>Especializada em produ\u00e7\u00e3o de concreto usinado, com capacidade anual de entrega de 2 milh\u00f5es de toneladas, decidiu atualizar sua estrat\u00e9gia de seguran\u00e7a cibern\u00e9tica e partiu para a ado\u00e7\u00e3o de uma central unificada de seguran\u00e7a com a tecnologia de Firewall UTM da Aker N-Stalker.<\/p><p>A decis\u00e3o foi tomada ap\u00f3s uma an\u00e1lise interna das vulnerabilidades da sua rede anterior e dos poss\u00edveis impactos para o neg\u00f3cio de uma eventual invas\u00e3o cibern\u00e9tica ou de paradas da rede de comunica\u00e7\u00e3o em fun\u00e7\u00e3o de incidentes digitais.<\/p><p>Com 28 filiais, entre escrit\u00f3rios e usinas de argamassa espalhadas por nove estados, a Concreserv precisa sincronizar a<br \/>produ\u00e7\u00e3o do concreto nesses diversos pontos de produ\u00e7\u00e3o e controlar uma complexa log\u00edstica envolvendo centenas de<br \/>caminh\u00f5es betoneiras em jornadas ininterruptas de 24 horas\/dia.<\/p><p>\u201cA massa precisa chegar fresca e no hor\u00e1rio exato em milhares de obras que dependem do nosso servi\u00e7o. Cada minuto<br \/>de parada na comunica\u00e7\u00e3o ou na estrutura de TI pode representar a perda dos prazos de entrega ou endurecimento do<br \/>concreto antes que chegue ao destino\u201d, afirma Vinicius Augusto, Gerente de TI da Concreserv.<\/p><p>Durante o mapeamento de riscos, a Concreserv constatou a necessidade de melhorar o gerenciamento da seguran\u00e7a<br \/>e identificou at\u00e9 mesmo uma tentativa de invas\u00e3o \u00e0s suas instala\u00e7\u00f5es atrav\u00e9s de links remotos.<\/p><p>At\u00e9 ent\u00e3o, a seguran\u00e7a da empresa utilizava uma conex\u00e3o de Redes Privadas Virtuais VPN baseada em linhas de comunica\u00e7\u00e3o<br \/>especiais contratada de uma operadora.<\/p><p>Todo o tr\u00e1fego de dados e voz entre as 28 unidades era feito por meio dessa estrutura, com tecnologia de transmiss\u00e3o<br \/>por pacotes (padr\u00e3o MPLS). Tal modelo garantia um \u00f3timo desempenho, mas trazia problemas s\u00e9rios de custo e<br \/>complexidade, dificultando o gerenciamento e limitando o uso de dados.<\/p><p>A Solu\u00e7\u00e3o<br \/>Com o crescimento constante da empresa, o modelo MPLS exigiria a frequente contrata\u00e7\u00e3o de mais links tornando a rede<br \/>mais dispendiosa que o esperado. Al\u00e9m disso, a rede privativa demandava a compra e integra\u00e7\u00e3o de v\u00e1rios itens avulsos<br \/>de seguran\u00e7a, como firewall, antiv\u00edrus e filtros de conte\u00fado, sendo que todos estes itens precisavam ser instalados<br \/>individualmente em cada filial.<\/p><p>Ao estudar o Aker Firewall UTM, a equipe da Concreserv enxergou uma alternativa real de seguran\u00e7a, que lhe viabilizaria<br \/>abolir o uso da rede MPLS e partir para a ado\u00e7\u00e3o de uma estrutura baseada em links IP de padr\u00e3o p\u00fablico, que s\u00e3o<br \/>extremamente mais econ\u00f4micos e f\u00e1ceis de suportar. S\u00f3 com a manuten\u00e7\u00e3o mais simples e com o fim do aluguel de<br \/>linhas especiais, a mudan\u00e7a gerou uma economia para a Concreserv da ordem de 75% nos custos da estrutura.<\/p><p>Entre os recursos da solu\u00e7\u00e3o, a Concreserv passou a contar com a possibilidade de configurar um grande n\u00famero de<br \/>VPNs simult\u00e2neas, com v\u00e1rios n\u00edveis de blindagem contra intercepta\u00e7\u00f5es (inclusive criptografia forte de voz e de dados)<br \/>e com a op\u00e7\u00e3o de redund\u00e2ncia de acessos.<\/p><p>Os Resultados<br \/>Diferente do que ocorria com a antiga rede de pacotes, o novo modelo de conex\u00e3o guarnecido pelo Firewall UTM, permite uma visibilidade de seguran\u00e7a ampla e centralizada de todos os dispositivos locais e remotos da rede. Atrav\u00e9s de pain\u00e9is intuitivos e din\u00e2micos, os gestores conseguem monitorar as condi\u00e7\u00f5es de tr\u00e1fego entre todas as filiais a partir de uma esta\u00e7\u00e3o web e controlar remotamente as atualiza\u00e7\u00f5es de vers\u00e3o dos itens de seguran\u00e7a.<\/p><p>Disciplinando o Usu\u00e1rio<\/p><p>O Aker Firewall UTM disciplina tamb\u00e9m o comportamento dos usu\u00e1rios, alertando contra o tr\u00e1fego perigoso e impedindo o<br \/>uso n\u00e3o produtivo da estrutura. Al\u00e9m disso, oferece servi\u00e7os avan\u00e7ados de criptografia de dados, assegurando total<br \/>prote\u00e7\u00e3o para as informa\u00e7\u00f5es trafegadas na rede.<\/p><p>Na mesma solu\u00e7\u00e3o est\u00e3o integrados o firewall, o antiv\u00edrus, os filtros web de alta sensibilidade e a intelig\u00eancia de an\u00e1lise de acessos por origem, por aplica\u00e7\u00e3o ou por \u00e1rea da rede acionada.<\/p><p>A Concreserv tamb\u00e9m explora relat\u00f3rios peri\u00f3dicos para analisar as atividades em todos os terminais e pontos de conex\u00e3o,<br \/>al\u00e9m de um recurso que envia uma mensagem de texto por aplicativo de celular para avisar sobre irregularidades de acesso<br \/>ou uso arriscado e improdutivo dos sistemas.<\/p><p>De acordo com Vinicius Augusto, antes da implanta\u00e7\u00e3o do Aker Firewall UTM, cada servi\u00e7o era tratado separadamente.<br \/>Ent\u00e3o, era comum a abertura de diversas ocorr\u00eancias simult\u00e2neas e paradas parciais ou totais de mais de um ativo ao<br \/>mesmo tempo, causando in\u00fameros preju\u00edzos para o andamento.<\/p><p>\u201cA solu\u00e7\u00e3o da Aker N-Stalker nos permitiu desenvolver uma pol\u00edtica integrada de seguran\u00e7a digital que \u00e9 aplicada e monitorada atrav\u00e9s de um sistema \u00fanico e com interface amig\u00e1vel. Com os diversos relat\u00f3rios da solu\u00e7\u00e3o, somos muito mais capazes de realizar paradas planejadas e pontuais para a manuten\u00e7\u00e3o ou atualiza\u00e7\u00e3o sem que isto interfira no bom andamento dos neg\u00f3cios\u201d, completa Vinicius.<\/p><p>O Aker Firewall UTM \u00e9, h\u00e1 v\u00e1rios anos consecutivos, um dos produtos dessa categoria referenciado pela consultoria global Gartner em seu relat\u00f3rio de an\u00e1lise tecnol\u00f3gica \u201cQuadrante M\u00e1gico\u201d, onde s\u00e3o avaliados os produtos mais relevantes do ponto de vista t\u00e9cnico e de mercado.<\/p><p>As solu\u00e7\u00f5es Aker N-Stalker tamb\u00e9m v\u00eam merecendo avalia\u00e7\u00f5es positivas de empresas de todos os ramos de neg\u00f3cios que reportam ao Gartner suas experi\u00eancias com estes produtos nos relat\u00f3rios de\u201ccases\u201d Gartner Peer Insights.<\/p>\t\t\t\t\t\t\t\t<\/div>\n\t\t\t\t<\/div>\n\t\t\t\t<div class=\"elementor-element elementor-element-2dfaf8c elementor-widget elementor-widget-spacer\" data-id=\"2dfaf8c\" data-element_type=\"widget\" data-e-type=\"widget\" data-widget_type=\"spacer.default\">\n\t\t\t\t<div class=\"elementor-widget-container\">\n\t\t\t\t\t\t\t<div class=\"elementor-spacer\">\n\t\t\t<div class=\"elementor-spacer-inner\"><\/div>\n\t\t<\/div>\n\t\t\t\t\t\t<\/div>\n\t\t\t\t<\/div>\n\t\t\t\t\t<\/div>\n\t\t<\/div>\n\t\t\t\t\t<\/div>\n\t\t<\/section>\n\t\t\t\t<\/div>\n\t\t","protected":false},"excerpt":{"rendered":"<p>Cases de Sucesso Home Cases de Sucesso Case CONCRESERV Case CONCRESERV O ClienteConcreserv reduz custos e aumenta performance com seguran\u00e7a unificada.Mudan\u00e7a gerou economia de 75% com custos de manuten\u00e7\u00e3o e preju\u00edzos ocasionados por indisponibilidade dos servi\u00e7os. A Concreserv, especializada em produ\u00e7\u00e3o de concreto usinado, com capacidade anual de entrega de 2 milh\u00f5es de toneladas, decidiu [&hellip;]<\/p>\n","protected":false},"author":3,"featured_media":0,"parent":989193,"menu_order":0,"comment_status":"closed","ping_status":"closed","template":"","meta":{"_seopress_robots_primary_cat":"","_seopress_titles_title":"","_seopress_titles_desc":"","_seopress_robots_index":"","footnotes":""},"class_list":["post-991090","page","type-page","status-publish","hentry"],"_links":{"self":[{"href":"https:\/\/www.ogasec.com\/index.php\/wp-json\/wp\/v2\/pages\/991090","targetHints":{"allow":["GET"]}}],"collection":[{"href":"https:\/\/www.ogasec.com\/index.php\/wp-json\/wp\/v2\/pages"}],"about":[{"href":"https:\/\/www.ogasec.com\/index.php\/wp-json\/wp\/v2\/types\/page"}],"author":[{"embeddable":true,"href":"https:\/\/www.ogasec.com\/index.php\/wp-json\/wp\/v2\/users\/3"}],"replies":[{"embeddable":true,"href":"https:\/\/www.ogasec.com\/index.php\/wp-json\/wp\/v2\/comments?post=991090"}],"version-history":[{"count":7,"href":"https:\/\/www.ogasec.com\/index.php\/wp-json\/wp\/v2\/pages\/991090\/revisions"}],"predecessor-version":[{"id":991100,"href":"https:\/\/www.ogasec.com\/index.php\/wp-json\/wp\/v2\/pages\/991090\/revisions\/991100"}],"up":[{"embeddable":true,"href":"https:\/\/www.ogasec.com\/index.php\/wp-json\/wp\/v2\/pages\/989193"}],"wp:attachment":[{"href":"https:\/\/www.ogasec.com\/index.php\/wp-json\/wp\/v2\/media?parent=991090"}],"curies":[{"name":"wp","href":"https:\/\/api.w.org\/{rel}","templated":true}]}}