{"id":991144,"date":"2024-02-23T10:06:24","date_gmt":"2024-02-23T13:06:24","guid":{"rendered":"https:\/\/new.ogasec.com\/?page_id=991144"},"modified":"2024-02-23T10:10:13","modified_gmt":"2024-02-23T13:10:13","slug":"case-fundacao-educacional-miguel-mofarrej","status":"publish","type":"page","link":"https:\/\/www.ogasec.com\/index.php\/casos-de-sucesso\/case-fundacao-educacional-miguel-mofarrej\/","title":{"rendered":"CASE FUNDA\u00c7\u00c3O EDUCACIONAL MIGUEL MOFARREJ"},"content":{"rendered":"\t\t<div data-elementor-type=\"wp-page\" data-elementor-id=\"991144\" class=\"elementor elementor-991144\" data-elementor-post-type=\"page\">\n\t\t\t\t\t\t<section class=\"elementor-section elementor-top-section elementor-element elementor-element-33005a93 elementor-section-height-min-height elementor-section-boxed elementor-section-height-default elementor-section-items-middle\" data-id=\"33005a93\" data-element_type=\"section\" data-e-type=\"section\" data-settings=\"{&quot;background_background&quot;:&quot;classic&quot;}\">\n\t\t\t\t\t\t<div class=\"elementor-container elementor-column-gap-default\">\n\t\t\t\t\t<div class=\"elementor-column elementor-col-100 elementor-top-column elementor-element elementor-element-5a8022b0\" data-id=\"5a8022b0\" data-element_type=\"column\" data-e-type=\"column\">\n\t\t\t<div class=\"elementor-widget-wrap elementor-element-populated\">\n\t\t\t\t\t\t<div class=\"elementor-element elementor-element-68d1054b animated-slow elementor-invisible elementor-widget elementor-widget-heading\" data-id=\"68d1054b\" data-element_type=\"widget\" data-e-type=\"widget\" data-settings=\"{&quot;_animation&quot;:&quot;fadeIn&quot;,&quot;_animation_tablet&quot;:&quot;none&quot;}\" data-widget_type=\"heading.default\">\n\t\t\t\t<div class=\"elementor-widget-container\">\n\t\t\t\t\t<h2 class=\"elementor-heading-title elementor-size-default\">Cases de Sucesso<\/h2>\t\t\t\t<\/div>\n\t\t\t\t<\/div>\n\t\t\t\t\t<\/div>\n\t\t<\/div>\n\t\t\t\t\t<\/div>\n\t\t<\/section>\n\t\t\t\t<section class=\"elementor-section elementor-top-section elementor-element elementor-element-3d7da2b5 elementor-section-boxed elementor-section-height-default elementor-section-height-default\" data-id=\"3d7da2b5\" data-element_type=\"section\" data-e-type=\"section\">\n\t\t\t\t\t\t<div class=\"elementor-container elementor-column-gap-default\">\n\t\t\t\t\t<div class=\"elementor-column elementor-col-100 elementor-top-column elementor-element elementor-element-cf817b7\" data-id=\"cf817b7\" data-element_type=\"column\" data-e-type=\"column\">\n\t\t\t<div class=\"elementor-widget-wrap elementor-element-populated\">\n\t\t\t\t\t\t<div class=\"elementor-element elementor-element-58fa148d elementor-widget elementor-widget-spacer\" data-id=\"58fa148d\" data-element_type=\"widget\" data-e-type=\"widget\" data-widget_type=\"spacer.default\">\n\t\t\t\t<div class=\"elementor-widget-container\">\n\t\t\t\t\t\t\t<div class=\"elementor-spacer\">\n\t\t\t<div class=\"elementor-spacer-inner\"><\/div>\n\t\t<\/div>\n\t\t\t\t\t\t<\/div>\n\t\t\t\t<\/div>\n\t\t\t\t<div class=\"elementor-element elementor-element-4f6ed325 elementor-icon-list--layout-inline elementor-list-item-link-full_width elementor-widget elementor-widget-icon-list\" data-id=\"4f6ed325\" data-element_type=\"widget\" data-e-type=\"widget\" data-widget_type=\"icon-list.default\">\n\t\t\t\t<div class=\"elementor-widget-container\">\n\t\t\t\t\t\t\t<ul class=\"elementor-icon-list-items elementor-inline-items\">\n\t\t\t\t\t\t\t<li class=\"elementor-icon-list-item elementor-inline-item\">\n\t\t\t\t\t\t\t\t\t\t\t<a href=\"https:\/\/new.ogasec.com\/\">\n\n\t\t\t\t\t\t\t\t\t\t\t<span class=\"elementor-icon-list-text\">Home<\/span>\n\t\t\t\t\t\t\t\t\t\t\t<\/a>\n\t\t\t\t\t\t\t\t\t<\/li>\n\t\t\t\t\t\t\t\t<li class=\"elementor-icon-list-item elementor-inline-item\">\n\t\t\t\t\t\t\t\t\t\t\t<a href=\"https:\/\/new.ogasec.com\/index.php\/casos-de-sucesso\/\">\n\n\t\t\t\t\t\t\t\t\t\t\t\t<span class=\"elementor-icon-list-icon\">\n\t\t\t\t\t\t\t<svg aria-hidden=\"true\" class=\"e-font-icon-svg e-fas-angle-right\" viewBox=\"0 0 256 512\" xmlns=\"http:\/\/www.w3.org\/2000\/svg\"><path d=\"M224.3 273l-136 136c-9.4 9.4-24.6 9.4-33.9 0l-22.6-22.6c-9.4-9.4-9.4-24.6 0-33.9l96.4-96.4-96.4-96.4c-9.4-9.4-9.4-24.6 0-33.9L54.3 103c9.4-9.4 24.6-9.4 33.9 0l136 136c9.5 9.4 9.5 24.6.1 34z\"><\/path><\/svg>\t\t\t\t\t\t<\/span>\n\t\t\t\t\t\t\t\t\t\t<span class=\"elementor-icon-list-text\">Cases de Sucesso<\/span>\n\t\t\t\t\t\t\t\t\t\t\t<\/a>\n\t\t\t\t\t\t\t\t\t<\/li>\n\t\t\t\t\t\t\t\t<li class=\"elementor-icon-list-item elementor-inline-item\">\n\t\t\t\t\t\t\t\t\t\t\t<span class=\"elementor-icon-list-icon\">\n\t\t\t\t\t\t\t<svg aria-hidden=\"true\" class=\"e-font-icon-svg e-fas-angle-right\" viewBox=\"0 0 256 512\" xmlns=\"http:\/\/www.w3.org\/2000\/svg\"><path d=\"M224.3 273l-136 136c-9.4 9.4-24.6 9.4-33.9 0l-22.6-22.6c-9.4-9.4-9.4-24.6 0-33.9l96.4-96.4-96.4-96.4c-9.4-9.4-9.4-24.6 0-33.9L54.3 103c9.4-9.4 24.6-9.4 33.9 0l136 136c9.5 9.4 9.5 24.6.1 34z\"><\/path><\/svg>\t\t\t\t\t\t<\/span>\n\t\t\t\t\t\t\t\t\t\t<span class=\"elementor-icon-list-text\">Case Funda\u00e7\u00e3o Educacional Miguel Mofarrej <\/span>\n\t\t\t\t\t\t\t\t\t<\/li>\n\t\t\t\t\t\t<\/ul>\n\t\t\t\t\t\t<\/div>\n\t\t\t\t<\/div>\n\t\t\t\t<div class=\"elementor-element elementor-element-68429759 elementor-widget elementor-widget-spacer\" data-id=\"68429759\" data-element_type=\"widget\" data-e-type=\"widget\" data-widget_type=\"spacer.default\">\n\t\t\t\t<div class=\"elementor-widget-container\">\n\t\t\t\t\t\t\t<div class=\"elementor-spacer\">\n\t\t\t<div class=\"elementor-spacer-inner\"><\/div>\n\t\t<\/div>\n\t\t\t\t\t\t<\/div>\n\t\t\t\t<\/div>\n\t\t\t\t<div class=\"elementor-element elementor-element-68c09bab animated-slow elementor-invisible elementor-widget elementor-widget-heading\" data-id=\"68c09bab\" data-element_type=\"widget\" data-e-type=\"widget\" data-settings=\"{&quot;_animation&quot;:&quot;fadeIn&quot;,&quot;_animation_tablet&quot;:&quot;none&quot;}\" data-widget_type=\"heading.default\">\n\t\t\t\t<div class=\"elementor-widget-container\">\n\t\t\t\t\t<h2 class=\"elementor-heading-title elementor-size-default\">Case Funda\u00e7\u00e3o Educacional Miguel Mofarrej <\/h2>\t\t\t\t<\/div>\n\t\t\t\t<\/div>\n\t\t\t\t<div class=\"elementor-element elementor-element-3fadff6f animated-slow elementor-invisible elementor-widget elementor-widget-text-editor\" data-id=\"3fadff6f\" data-element_type=\"widget\" data-e-type=\"widget\" data-settings=\"{&quot;_animation&quot;:&quot;fadeIn&quot;,&quot;_animation_tablet&quot;:&quot;none&quot;,&quot;_animation_delay&quot;:300}\" data-widget_type=\"text-editor.default\">\n\t\t\t\t<div class=\"elementor-widget-container\">\n\t\t\t\t\t\t\t\t\t<p><strong>O CLIENTE<\/strong><br \/>A Funda\u00e7\u00e3o Educacional Miguel Mofarrej oferece ensino de qualidade, cuidando de seus alunos desde o ber\u00e7\u00e1rio at\u00e9 a vida profissional. Atualmente, conta com duas unidades, ambas localizadas em Ourinhos-SP: o Col\u00e9gio Santo Ant\u00f4nio e as Faculdades Integradas de Ourinhos.<\/p><p><strong>OS DESAFIOS<\/strong><br \/>A institui\u00e7\u00e3o, embora j\u00e1 contasse com uma solu\u00e7\u00e3o de Seguran\u00e7a Digital, apresentava in\u00fameros problemas. Seu gerenciamento de links da Internet n\u00e3o era satisfat\u00f3rio e o ambiente computacional sofria com falhas de seguran\u00e7a. Para completar o cen\u00e1rio problem\u00e1tico, surgiram ainda grandes dificuldades em rela\u00e7\u00e3o ao suporte e \u00e0 configura\u00e7\u00e3o da solu\u00e7\u00e3o utilizada.<\/p><p><strong>A SOLU\u00c7\u00c3O<\/strong><br \/>Antes de escolher a Aker, o cliente realizou um estudo de aproximadamente oito meses com diversas tecnologias. Por fim, concluiu que a melhor op\u00e7\u00e3o para as demandas da empresa era a implementa\u00e7\u00e3o do Aker Firewall, com antiv\u00edrus e filtro de conte\u00fado. O projeto foi implantado remotamente, de forma a instalar e configurar o firewall atendendo as especificidades do cliente. Assim, o servi\u00e7o foi realizado de maneira \u00e1gil e eficaz.<\/p><p><strong>OS RESULTADOS<\/strong><br \/>O projeto permitiu a melhor utiliza\u00e7\u00e3o dos recursos de acesso \u00e0 Internet, a partir da prioriza\u00e7\u00e3o de servi\u00e7os essenciais e do descarte daqueles n\u00e3o necess\u00e1rios ao desenvolvimento dos trabalhos di\u00e1rios, gerando economia nos custos das velocidades contratadas.<\/p><p>Case de sucesso, a solu\u00e7\u00e3o disponibilizada pela Aker proporciona \u00e0 equipe de suporte e gerenciamento maior liberdade e facilidade de trabalho, al\u00e9m da implanta\u00e7\u00e3o de novos servi\u00e7os de rede. A Funda\u00e7\u00e3o, hoje, est\u00e1 preparada para encarar os novos desafios e paradigmas relacionados \u00e0 comunica\u00e7\u00e3o de dados.<\/p><p>Para fazer download do documento em PDF\u00a0<a href=\"https:\/\/ogasec.com\/s\/2013_2014_ExitoITSolution_FundacaoEducacionalMiguelMofarrej.pdf\" target=\"_blank\" rel=\"noopener\">clique aqui<\/a>.<\/p>\t\t\t\t\t\t\t\t<\/div>\n\t\t\t\t<\/div>\n\t\t\t\t<div class=\"elementor-element elementor-element-4a60b525 elementor-widget elementor-widget-spacer\" data-id=\"4a60b525\" data-element_type=\"widget\" data-e-type=\"widget\" data-widget_type=\"spacer.default\">\n\t\t\t\t<div class=\"elementor-widget-container\">\n\t\t\t\t\t\t\t<div class=\"elementor-spacer\">\n\t\t\t<div class=\"elementor-spacer-inner\"><\/div>\n\t\t<\/div>\n\t\t\t\t\t\t<\/div>\n\t\t\t\t<\/div>\n\t\t\t\t\t<\/div>\n\t\t<\/div>\n\t\t\t\t\t<\/div>\n\t\t<\/section>\n\t\t\t\t<\/div>\n\t\t","protected":false},"excerpt":{"rendered":"<p>Cases de Sucesso Home Cases de Sucesso Case Funda\u00e7\u00e3o Educacional Miguel Mofarrej Case Funda\u00e7\u00e3o Educacional Miguel Mofarrej O CLIENTEA Funda\u00e7\u00e3o Educacional Miguel Mofarrej oferece ensino de qualidade, cuidando de seus alunos desde o ber\u00e7\u00e1rio at\u00e9 a vida profissional. Atualmente, conta com duas unidades, ambas localizadas em Ourinhos-SP: o Col\u00e9gio Santo Ant\u00f4nio e as Faculdades Integradas [&hellip;]<\/p>\n","protected":false},"author":3,"featured_media":0,"parent":989193,"menu_order":0,"comment_status":"closed","ping_status":"closed","template":"","meta":{"_seopress_robots_primary_cat":"","_seopress_titles_title":"","_seopress_titles_desc":"","_seopress_robots_index":"","footnotes":""},"class_list":["post-991144","page","type-page","status-publish","hentry"],"_links":{"self":[{"href":"https:\/\/www.ogasec.com\/index.php\/wp-json\/wp\/v2\/pages\/991144","targetHints":{"allow":["GET"]}}],"collection":[{"href":"https:\/\/www.ogasec.com\/index.php\/wp-json\/wp\/v2\/pages"}],"about":[{"href":"https:\/\/www.ogasec.com\/index.php\/wp-json\/wp\/v2\/types\/page"}],"author":[{"embeddable":true,"href":"https:\/\/www.ogasec.com\/index.php\/wp-json\/wp\/v2\/users\/3"}],"replies":[{"embeddable":true,"href":"https:\/\/www.ogasec.com\/index.php\/wp-json\/wp\/v2\/comments?post=991144"}],"version-history":[{"count":4,"href":"https:\/\/www.ogasec.com\/index.php\/wp-json\/wp\/v2\/pages\/991144\/revisions"}],"predecessor-version":[{"id":991151,"href":"https:\/\/www.ogasec.com\/index.php\/wp-json\/wp\/v2\/pages\/991144\/revisions\/991151"}],"up":[{"embeddable":true,"href":"https:\/\/www.ogasec.com\/index.php\/wp-json\/wp\/v2\/pages\/989193"}],"wp:attachment":[{"href":"https:\/\/www.ogasec.com\/index.php\/wp-json\/wp\/v2\/media?parent=991144"}],"curies":[{"name":"wp","href":"https:\/\/api.w.org\/{rel}","templated":true}]}}