{"id":991162,"date":"2024-02-23T10:28:48","date_gmt":"2024-02-23T13:28:48","guid":{"rendered":"https:\/\/new.ogasec.com\/?page_id=991162"},"modified":"2024-02-23T10:31:19","modified_gmt":"2024-02-23T13:31:19","slug":"case-metronorte","status":"publish","type":"page","link":"https:\/\/www.ogasec.com\/index.php\/case-metronorte\/","title":{"rendered":"Case METRONORTE"},"content":{"rendered":"\t\t<div data-elementor-type=\"wp-page\" data-elementor-id=\"991162\" class=\"elementor elementor-991162\" data-elementor-post-type=\"page\">\n\t\t\t\t\t\t<section class=\"elementor-section elementor-top-section elementor-element elementor-element-1d5aa85a elementor-section-height-min-height elementor-section-boxed elementor-section-height-default elementor-section-items-middle\" data-id=\"1d5aa85a\" data-element_type=\"section\" data-e-type=\"section\" data-settings=\"{&quot;background_background&quot;:&quot;classic&quot;}\">\n\t\t\t\t\t\t<div class=\"elementor-container elementor-column-gap-default\">\n\t\t\t\t\t<div class=\"elementor-column elementor-col-100 elementor-top-column elementor-element elementor-element-5c07f518\" data-id=\"5c07f518\" data-element_type=\"column\" data-e-type=\"column\">\n\t\t\t<div class=\"elementor-widget-wrap elementor-element-populated\">\n\t\t\t\t\t\t<div class=\"elementor-element elementor-element-1caf1fe3 animated-slow elementor-invisible elementor-widget elementor-widget-heading\" data-id=\"1caf1fe3\" data-element_type=\"widget\" data-e-type=\"widget\" data-settings=\"{&quot;_animation&quot;:&quot;fadeIn&quot;,&quot;_animation_tablet&quot;:&quot;none&quot;}\" data-widget_type=\"heading.default\">\n\t\t\t\t<div class=\"elementor-widget-container\">\n\t\t\t\t\t<h2 class=\"elementor-heading-title elementor-size-default\">Cases de Sucesso<\/h2>\t\t\t\t<\/div>\n\t\t\t\t<\/div>\n\t\t\t\t\t<\/div>\n\t\t<\/div>\n\t\t\t\t\t<\/div>\n\t\t<\/section>\n\t\t\t\t<section class=\"elementor-section elementor-top-section elementor-element elementor-element-59d807fb elementor-section-boxed elementor-section-height-default elementor-section-height-default\" data-id=\"59d807fb\" data-element_type=\"section\" data-e-type=\"section\">\n\t\t\t\t\t\t<div class=\"elementor-container elementor-column-gap-default\">\n\t\t\t\t\t<div class=\"elementor-column elementor-col-100 elementor-top-column elementor-element elementor-element-2242b214\" data-id=\"2242b214\" data-element_type=\"column\" data-e-type=\"column\">\n\t\t\t<div class=\"elementor-widget-wrap elementor-element-populated\">\n\t\t\t\t\t\t<div class=\"elementor-element elementor-element-5a545191 elementor-widget elementor-widget-spacer\" data-id=\"5a545191\" data-element_type=\"widget\" data-e-type=\"widget\" data-widget_type=\"spacer.default\">\n\t\t\t\t<div class=\"elementor-widget-container\">\n\t\t\t\t\t\t\t<div class=\"elementor-spacer\">\n\t\t\t<div class=\"elementor-spacer-inner\"><\/div>\n\t\t<\/div>\n\t\t\t\t\t\t<\/div>\n\t\t\t\t<\/div>\n\t\t\t\t<div class=\"elementor-element elementor-element-49bb4185 elementor-icon-list--layout-inline elementor-list-item-link-full_width elementor-widget elementor-widget-icon-list\" data-id=\"49bb4185\" data-element_type=\"widget\" data-e-type=\"widget\" data-widget_type=\"icon-list.default\">\n\t\t\t\t<div class=\"elementor-widget-container\">\n\t\t\t\t\t\t\t<ul class=\"elementor-icon-list-items elementor-inline-items\">\n\t\t\t\t\t\t\t<li class=\"elementor-icon-list-item elementor-inline-item\">\n\t\t\t\t\t\t\t\t\t\t\t<a href=\"https:\/\/new.ogasec.com\/\">\n\n\t\t\t\t\t\t\t\t\t\t\t<span class=\"elementor-icon-list-text\">Home<\/span>\n\t\t\t\t\t\t\t\t\t\t\t<\/a>\n\t\t\t\t\t\t\t\t\t<\/li>\n\t\t\t\t\t\t\t\t<li class=\"elementor-icon-list-item elementor-inline-item\">\n\t\t\t\t\t\t\t\t\t\t\t<a href=\"https:\/\/new.ogasec.com\/index.php\/casos-de-sucesso\/\">\n\n\t\t\t\t\t\t\t\t\t\t\t\t<span class=\"elementor-icon-list-icon\">\n\t\t\t\t\t\t\t<svg aria-hidden=\"true\" class=\"e-font-icon-svg e-fas-angle-right\" viewBox=\"0 0 256 512\" xmlns=\"http:\/\/www.w3.org\/2000\/svg\"><path d=\"M224.3 273l-136 136c-9.4 9.4-24.6 9.4-33.9 0l-22.6-22.6c-9.4-9.4-9.4-24.6 0-33.9l96.4-96.4-96.4-96.4c-9.4-9.4-9.4-24.6 0-33.9L54.3 103c9.4-9.4 24.6-9.4 33.9 0l136 136c9.5 9.4 9.5 24.6.1 34z\"><\/path><\/svg>\t\t\t\t\t\t<\/span>\n\t\t\t\t\t\t\t\t\t\t<span class=\"elementor-icon-list-text\">Cases de Sucesso<\/span>\n\t\t\t\t\t\t\t\t\t\t\t<\/a>\n\t\t\t\t\t\t\t\t\t<\/li>\n\t\t\t\t\t\t\t\t<li class=\"elementor-icon-list-item elementor-inline-item\">\n\t\t\t\t\t\t\t\t\t\t\t<span class=\"elementor-icon-list-icon\">\n\t\t\t\t\t\t\t<svg aria-hidden=\"true\" class=\"e-font-icon-svg e-fas-angle-right\" viewBox=\"0 0 256 512\" xmlns=\"http:\/\/www.w3.org\/2000\/svg\"><path d=\"M224.3 273l-136 136c-9.4 9.4-24.6 9.4-33.9 0l-22.6-22.6c-9.4-9.4-9.4-24.6 0-33.9l96.4-96.4-96.4-96.4c-9.4-9.4-9.4-24.6 0-33.9L54.3 103c9.4-9.4 24.6-9.4 33.9 0l136 136c9.5 9.4 9.5 24.6.1 34z\"><\/path><\/svg>\t\t\t\t\t\t<\/span>\n\t\t\t\t\t\t\t\t\t\t<span class=\"elementor-icon-list-text\">Case METRONORTE<\/span>\n\t\t\t\t\t\t\t\t\t<\/li>\n\t\t\t\t\t\t<\/ul>\n\t\t\t\t\t\t<\/div>\n\t\t\t\t<\/div>\n\t\t\t\t<div class=\"elementor-element elementor-element-60ea60ba elementor-widget elementor-widget-spacer\" data-id=\"60ea60ba\" data-element_type=\"widget\" data-e-type=\"widget\" data-widget_type=\"spacer.default\">\n\t\t\t\t<div class=\"elementor-widget-container\">\n\t\t\t\t\t\t\t<div class=\"elementor-spacer\">\n\t\t\t<div class=\"elementor-spacer-inner\"><\/div>\n\t\t<\/div>\n\t\t\t\t\t\t<\/div>\n\t\t\t\t<\/div>\n\t\t\t\t<div class=\"elementor-element elementor-element-120be0a1 animated-slow elementor-invisible elementor-widget elementor-widget-heading\" data-id=\"120be0a1\" data-element_type=\"widget\" data-e-type=\"widget\" data-settings=\"{&quot;_animation&quot;:&quot;fadeIn&quot;,&quot;_animation_tablet&quot;:&quot;none&quot;}\" data-widget_type=\"heading.default\">\n\t\t\t\t<div class=\"elementor-widget-container\">\n\t\t\t\t\t<h2 class=\"elementor-heading-title elementor-size-default\">Case METRONORTE<\/h2>\t\t\t\t<\/div>\n\t\t\t\t<\/div>\n\t\t\t\t<div class=\"elementor-element elementor-element-70b75055 animated-slow elementor-invisible elementor-widget elementor-widget-text-editor\" data-id=\"70b75055\" data-element_type=\"widget\" data-e-type=\"widget\" data-settings=\"{&quot;_animation&quot;:&quot;fadeIn&quot;,&quot;_animation_tablet&quot;:&quot;none&quot;,&quot;_animation_delay&quot;:300}\" data-widget_type=\"text-editor.default\">\n\t\t\t\t<div class=\"elementor-widget-container\">\n\t\t\t\t\t\t\t\t\t<p><strong>O CLIENTE<\/strong><br \/>A Metronorte integra um grupo empresarial que atua h\u00e1 mais de 30 anos no mercado. Oferecendo a linha completa dos produtos Chevrolet, compromisso com a satisfa\u00e7\u00e3o do cliente e efic\u00e1cia no atendimento, a concession\u00e1ria evolui e aprimora a cada dia suas tecnologias. Com sede em Londrina, possui tamb\u00e9m filiais em Curitiba, Paranagu\u00e1, Joinville e S\u00e3o Paulo.<\/p><p><strong>OS DESAFIOS<\/strong><br \/>O Grupo Metronorte precisava interligar e integrar suas filiais com links de Internet,\u00a0via VPN, isso porque as conex\u00f5es ponto a ponto eram de baixa velocidade e n\u00e3o estavam atendendo suficientemente suas demandas. As conex\u00f5es via VPN pela rede p\u00fablica se mostravam mais interessantes, sob o ponto de vista econ\u00f4mico, e,\u00a0al\u00e9m disso, as filiais mais distantes poderiam ter conex\u00f5es com maior velocidade e menor custo, caso a solu\u00e7\u00e3o de VPN Aker fosse implementada. O cliente necessitava n\u00e3o apenas de uma solu\u00e7\u00e3o confi\u00e1vel, mas de suporte e atendimento local para que o tempo de resposta fosse r\u00e1pido.<\/p><p><strong>A SOLU\u00c7\u00c3O<\/strong><br \/>Em 2010, a Gelt, em parceria com a Aker, implementou o Aker Firewall na matriz do Grupo e em sua filial em Londrina, mas logo o projeto precisou ser ampliado para atender tamb\u00e9m as filiais de Joinville, S\u00e3o Paulo, Paranagu\u00e1 e Curitiba. A solu\u00e7\u00e3o garantiu o controle de acesso \u00e0\u00a0Internet, a otimiza\u00e7\u00e3o no uso dos recursos de rede e a qualidade de servi\u00e7o reservada para as conex\u00f5es VPN. E, ao constatar a qualidade do produto e a facilidade do controle de banda, o cliente solicitou ainda que fosse implementada a comunica\u00e7\u00e3o por Voip.<\/p><p><strong>OS RESULTADOS<\/strong><br \/>O projeto passou a permitir o mapeamento de pontos de falha, como acessos web indevidos, queda de comunica\u00e7\u00e3o entre filiais, links de operadoras offline, dentre outros. Assim, tornou-se poss\u00edvel verificar os problemas t\u00e3o logo eles ocorressem e tomar as melhores decis\u00f5es, evitando interrup\u00e7\u00f5es no fluxo de trabalho.\u00a0<\/p><p>Hoje, o Aker Firewall est\u00e1 presente na matriz do Grupo e em mais seis filiais, beneficiando cerca de 800 colaboradores. Al\u00e9m dos sete sites atuais que comp\u00f5em o Grupo Metronorte, h\u00e1 previs\u00e3o de abertura de outras duas filiais em S\u00e3o Paulo, as quais ser\u00e3o integradas \u00e0 estrutura da empresa com a solu\u00e7\u00e3o Aker.<\/p><p>Para fazer download do documento em PDF\u00a0<a href=\"https:\/\/ogasec.com\/s\/2013_2014_Gelt_Metronorte.pdf\" target=\"_blank\" rel=\"noopener\">clique aqui<\/a>.<\/p>\t\t\t\t\t\t\t\t<\/div>\n\t\t\t\t<\/div>\n\t\t\t\t<div class=\"elementor-element elementor-element-463c4211 elementor-widget elementor-widget-spacer\" data-id=\"463c4211\" data-element_type=\"widget\" data-e-type=\"widget\" data-widget_type=\"spacer.default\">\n\t\t\t\t<div class=\"elementor-widget-container\">\n\t\t\t\t\t\t\t<div class=\"elementor-spacer\">\n\t\t\t<div class=\"elementor-spacer-inner\"><\/div>\n\t\t<\/div>\n\t\t\t\t\t\t<\/div>\n\t\t\t\t<\/div>\n\t\t\t\t\t<\/div>\n\t\t<\/div>\n\t\t\t\t\t<\/div>\n\t\t<\/section>\n\t\t\t\t<\/div>\n\t\t","protected":false},"excerpt":{"rendered":"<p>Cases de Sucesso Home Cases de Sucesso Case METRONORTE Case METRONORTE O CLIENTEA Metronorte integra um grupo empresarial que atua h\u00e1 mais de 30 anos no mercado. Oferecendo a linha completa dos produtos Chevrolet, compromisso com a satisfa\u00e7\u00e3o do cliente e efic\u00e1cia no atendimento, a concession\u00e1ria evolui e aprimora a cada dia suas tecnologias. Com [&hellip;]<\/p>\n","protected":false},"author":3,"featured_media":0,"parent":0,"menu_order":0,"comment_status":"closed","ping_status":"closed","template":"","meta":{"_seopress_robots_primary_cat":"","_seopress_titles_title":"","_seopress_titles_desc":"","_seopress_robots_index":"","footnotes":""},"class_list":["post-991162","page","type-page","status-publish","hentry"],"_links":{"self":[{"href":"https:\/\/www.ogasec.com\/index.php\/wp-json\/wp\/v2\/pages\/991162","targetHints":{"allow":["GET"]}}],"collection":[{"href":"https:\/\/www.ogasec.com\/index.php\/wp-json\/wp\/v2\/pages"}],"about":[{"href":"https:\/\/www.ogasec.com\/index.php\/wp-json\/wp\/v2\/types\/page"}],"author":[{"embeddable":true,"href":"https:\/\/www.ogasec.com\/index.php\/wp-json\/wp\/v2\/users\/3"}],"replies":[{"embeddable":true,"href":"https:\/\/www.ogasec.com\/index.php\/wp-json\/wp\/v2\/comments?post=991162"}],"version-history":[{"count":4,"href":"https:\/\/www.ogasec.com\/index.php\/wp-json\/wp\/v2\/pages\/991162\/revisions"}],"predecessor-version":[{"id":991169,"href":"https:\/\/www.ogasec.com\/index.php\/wp-json\/wp\/v2\/pages\/991162\/revisions\/991169"}],"wp:attachment":[{"href":"https:\/\/www.ogasec.com\/index.php\/wp-json\/wp\/v2\/media?parent=991162"}],"curies":[{"name":"wp","href":"https:\/\/api.w.org\/{rel}","templated":true}]}}