{"id":991198,"date":"2024-02-23T11:00:33","date_gmt":"2024-02-23T14:00:33","guid":{"rendered":"https:\/\/new.ogasec.com\/?page_id=991198"},"modified":"2024-02-23T11:02:21","modified_gmt":"2024-02-23T14:02:21","slug":"case-m4-sistemas","status":"publish","type":"page","link":"https:\/\/www.ogasec.com\/index.php\/casos-de-sucesso\/case-m4-sistemas\/","title":{"rendered":"CASE M4 SISTEMAS"},"content":{"rendered":"\t\t<div data-elementor-type=\"wp-page\" data-elementor-id=\"991198\" class=\"elementor elementor-991198\" data-elementor-post-type=\"page\">\n\t\t\t\t\t\t<section class=\"elementor-section elementor-top-section elementor-element elementor-element-4a7e2bd9 elementor-section-height-min-height elementor-section-boxed elementor-section-height-default elementor-section-items-middle\" data-id=\"4a7e2bd9\" data-element_type=\"section\" data-e-type=\"section\" data-settings=\"{&quot;background_background&quot;:&quot;classic&quot;}\">\n\t\t\t\t\t\t<div class=\"elementor-container elementor-column-gap-default\">\n\t\t\t\t\t<div class=\"elementor-column elementor-col-100 elementor-top-column elementor-element elementor-element-67bd07a6\" data-id=\"67bd07a6\" data-element_type=\"column\" data-e-type=\"column\">\n\t\t\t<div class=\"elementor-widget-wrap elementor-element-populated\">\n\t\t\t\t\t\t<div class=\"elementor-element elementor-element-40336b7f animated-slow elementor-invisible elementor-widget elementor-widget-heading\" data-id=\"40336b7f\" data-element_type=\"widget\" data-e-type=\"widget\" data-settings=\"{&quot;_animation&quot;:&quot;fadeIn&quot;,&quot;_animation_tablet&quot;:&quot;none&quot;}\" data-widget_type=\"heading.default\">\n\t\t\t\t<div class=\"elementor-widget-container\">\n\t\t\t\t\t<h2 class=\"elementor-heading-title elementor-size-default\">Cases de Sucesso<\/h2>\t\t\t\t<\/div>\n\t\t\t\t<\/div>\n\t\t\t\t\t<\/div>\n\t\t<\/div>\n\t\t\t\t\t<\/div>\n\t\t<\/section>\n\t\t\t\t<section class=\"elementor-section elementor-top-section elementor-element elementor-element-104ea595 elementor-section-boxed elementor-section-height-default elementor-section-height-default\" data-id=\"104ea595\" data-element_type=\"section\" data-e-type=\"section\">\n\t\t\t\t\t\t<div class=\"elementor-container elementor-column-gap-default\">\n\t\t\t\t\t<div class=\"elementor-column elementor-col-100 elementor-top-column elementor-element elementor-element-3307321d\" data-id=\"3307321d\" data-element_type=\"column\" data-e-type=\"column\">\n\t\t\t<div class=\"elementor-widget-wrap elementor-element-populated\">\n\t\t\t\t\t\t<div class=\"elementor-element elementor-element-113cfcf4 elementor-widget elementor-widget-spacer\" data-id=\"113cfcf4\" data-element_type=\"widget\" data-e-type=\"widget\" data-widget_type=\"spacer.default\">\n\t\t\t\t<div class=\"elementor-widget-container\">\n\t\t\t\t\t\t\t<div class=\"elementor-spacer\">\n\t\t\t<div class=\"elementor-spacer-inner\"><\/div>\n\t\t<\/div>\n\t\t\t\t\t\t<\/div>\n\t\t\t\t<\/div>\n\t\t\t\t<div class=\"elementor-element elementor-element-7fcb1ca6 elementor-icon-list--layout-inline elementor-list-item-link-full_width elementor-widget elementor-widget-icon-list\" data-id=\"7fcb1ca6\" data-element_type=\"widget\" data-e-type=\"widget\" data-widget_type=\"icon-list.default\">\n\t\t\t\t<div class=\"elementor-widget-container\">\n\t\t\t\t\t\t\t<ul class=\"elementor-icon-list-items elementor-inline-items\">\n\t\t\t\t\t\t\t<li class=\"elementor-icon-list-item elementor-inline-item\">\n\t\t\t\t\t\t\t\t\t\t\t<a href=\"https:\/\/new.ogasec.com\/\">\n\n\t\t\t\t\t\t\t\t\t\t\t<span class=\"elementor-icon-list-text\">Home<\/span>\n\t\t\t\t\t\t\t\t\t\t\t<\/a>\n\t\t\t\t\t\t\t\t\t<\/li>\n\t\t\t\t\t\t\t\t<li class=\"elementor-icon-list-item elementor-inline-item\">\n\t\t\t\t\t\t\t\t\t\t\t<a href=\"https:\/\/new.ogasec.com\/index.php\/casos-de-sucesso\/\">\n\n\t\t\t\t\t\t\t\t\t\t\t\t<span class=\"elementor-icon-list-icon\">\n\t\t\t\t\t\t\t<svg aria-hidden=\"true\" class=\"e-font-icon-svg e-fas-angle-right\" viewBox=\"0 0 256 512\" xmlns=\"http:\/\/www.w3.org\/2000\/svg\"><path d=\"M224.3 273l-136 136c-9.4 9.4-24.6 9.4-33.9 0l-22.6-22.6c-9.4-9.4-9.4-24.6 0-33.9l96.4-96.4-96.4-96.4c-9.4-9.4-9.4-24.6 0-33.9L54.3 103c9.4-9.4 24.6-9.4 33.9 0l136 136c9.5 9.4 9.5 24.6.1 34z\"><\/path><\/svg>\t\t\t\t\t\t<\/span>\n\t\t\t\t\t\t\t\t\t\t<span class=\"elementor-icon-list-text\">Cases de Sucesso<\/span>\n\t\t\t\t\t\t\t\t\t\t\t<\/a>\n\t\t\t\t\t\t\t\t\t<\/li>\n\t\t\t\t\t\t\t\t<li class=\"elementor-icon-list-item elementor-inline-item\">\n\t\t\t\t\t\t\t\t\t\t\t<span class=\"elementor-icon-list-icon\">\n\t\t\t\t\t\t\t<svg aria-hidden=\"true\" class=\"e-font-icon-svg e-fas-angle-right\" viewBox=\"0 0 256 512\" xmlns=\"http:\/\/www.w3.org\/2000\/svg\"><path d=\"M224.3 273l-136 136c-9.4 9.4-24.6 9.4-33.9 0l-22.6-22.6c-9.4-9.4-9.4-24.6 0-33.9l96.4-96.4-96.4-96.4c-9.4-9.4-9.4-24.6 0-33.9L54.3 103c9.4-9.4 24.6-9.4 33.9 0l136 136c9.5 9.4 9.5 24.6.1 34z\"><\/path><\/svg>\t\t\t\t\t\t<\/span>\n\t\t\t\t\t\t\t\t\t\t<span class=\"elementor-icon-list-text\">Case  M4 SISTEMAS<\/span>\n\t\t\t\t\t\t\t\t\t<\/li>\n\t\t\t\t\t\t<\/ul>\n\t\t\t\t\t\t<\/div>\n\t\t\t\t<\/div>\n\t\t\t\t<div class=\"elementor-element elementor-element-3239bdb6 elementor-widget elementor-widget-spacer\" data-id=\"3239bdb6\" data-element_type=\"widget\" data-e-type=\"widget\" data-widget_type=\"spacer.default\">\n\t\t\t\t<div class=\"elementor-widget-container\">\n\t\t\t\t\t\t\t<div class=\"elementor-spacer\">\n\t\t\t<div class=\"elementor-spacer-inner\"><\/div>\n\t\t<\/div>\n\t\t\t\t\t\t<\/div>\n\t\t\t\t<\/div>\n\t\t\t\t<div class=\"elementor-element elementor-element-1d859cf animated-slow elementor-invisible elementor-widget elementor-widget-heading\" data-id=\"1d859cf\" data-element_type=\"widget\" data-e-type=\"widget\" data-settings=\"{&quot;_animation&quot;:&quot;fadeIn&quot;,&quot;_animation_tablet&quot;:&quot;none&quot;}\" data-widget_type=\"heading.default\">\n\t\t\t\t<div class=\"elementor-widget-container\">\n\t\t\t\t\t<h2 class=\"elementor-heading-title elementor-size-default\">Case M4 SISTEMAS<\/h2>\t\t\t\t<\/div>\n\t\t\t\t<\/div>\n\t\t\t\t<div class=\"elementor-element elementor-element-79f7b9fc animated-slow elementor-invisible elementor-widget elementor-widget-text-editor\" data-id=\"79f7b9fc\" data-element_type=\"widget\" data-e-type=\"widget\" data-settings=\"{&quot;_animation&quot;:&quot;fadeIn&quot;,&quot;_animation_tablet&quot;:&quot;none&quot;,&quot;_animation_delay&quot;:300}\" data-widget_type=\"text-editor.default\">\n\t\t\t\t<div class=\"elementor-widget-container\">\n\t\t\t\t\t\t\t\t\t<p><strong>O CLIENTE<\/strong><br \/>Com mais de 10 anos de experi\u00eancia, a M4 desenvolve sistemas e solu\u00e7\u00f5es em TI,\u00a0destaque para a sua atua\u00e7\u00e3o no segmento de telecomunica\u00e7\u00f5es. Focada nas necessidades de seus clientes, conhece profundamente a rotina de procedimentos das operadoras. Recentemente, ampliou suas atividades e passou tamb\u00e9m a prestar servi\u00e7os de modelagem de processos de neg\u00f3cio.<\/p><p><strong>OS DESAFIOS<\/strong><br \/>O cliente precisava de uma solu\u00e7\u00e3o de Seguran\u00e7a Digital eficaz e de f\u00e1cil administra\u00e7\u00e3o. Al\u00e9m disso, o projeto teria que atender ao requisito solicitado pelo cliente, que desejava que o acesso ao seu ambiente computacional fosse seguro e que houvesse disponibilidade de log em conformidade com normas de auditoria.<\/p><p><strong>A SOLU\u00c7\u00c3O<\/strong><br \/>A empresa era atendida pela Resolve desde 2006, quando adquiriu o modelo 25 do Aker Firewall Minibox. Essa rela\u00e7\u00e3o de confian\u00e7a foi importante quando houve a solicita\u00e7\u00e3o do novo projeto. Para dar consist\u00eancia a ele, foi feito um piloto, criando o tunelamento com o cliente da M4. Na sequ\u00eancia, a auditoria realizou uma visita e confirmou que a solu\u00e7\u00e3o era aderente aos requisitos de seguran\u00e7a, assim, podia-se garantir o acesso seguro e a rastreabilidade desses acessos (log). A partir de ent\u00e3o, tornou-se poss\u00edvel, tamb\u00e9m, a M4 acessar sistemas instalados em seu cliente para a presta\u00e7\u00e3o de servi\u00e7os de atualiza\u00e7\u00e3o e suporte.<\/p><p><strong>OS RESULTADOS<\/strong><br \/>O acesso remoto seguro proporcionou uma consider\u00e1vel redu\u00e7\u00e3o de custo, j\u00e1 que dispensava o deslocamento f\u00edsico ao ambiente do cliente da M4. Outro resultado interessante foi a otimiza\u00e7\u00e3o de todo o processo de atualiza\u00e7\u00e3o e suporte ao cliente da M4. Em consequ\u00eancia disso, tanto a M4 quanto o seu cliente mostraram-se satisfeitos com o projeto.Em 2013, a M4 substituiu o minibox 25 pelo modelo 230 e, no in\u00edcio de 2014, adquiriu um novo equipamento, modelo 237, para seu escrit\u00f3rio no Rio de Janeiro. A compra desses novos miniboxes demonstra o interesse da empresa pela Aker. Da mesma forma, a renova\u00e7\u00e3o de contratos de suporte com a Revenda Resolve \u00e9 prova da satisfa\u00e7\u00e3o da M4 com o atendimento que tem recebido.<\/p><p>Para fazer download do documento em PDF\u00a0<a href=\"https:\/\/ogasec.com\/s\/2013_2014_ResolveConsultec_M4.pdf\" target=\"_blank\" rel=\"noopener\">clique aqui<\/a>.<\/p>\t\t\t\t\t\t\t\t<\/div>\n\t\t\t\t<\/div>\n\t\t\t\t<div class=\"elementor-element elementor-element-36226ed0 elementor-widget elementor-widget-spacer\" data-id=\"36226ed0\" data-element_type=\"widget\" data-e-type=\"widget\" data-widget_type=\"spacer.default\">\n\t\t\t\t<div class=\"elementor-widget-container\">\n\t\t\t\t\t\t\t<div class=\"elementor-spacer\">\n\t\t\t<div class=\"elementor-spacer-inner\"><\/div>\n\t\t<\/div>\n\t\t\t\t\t\t<\/div>\n\t\t\t\t<\/div>\n\t\t\t\t\t<\/div>\n\t\t<\/div>\n\t\t\t\t\t<\/div>\n\t\t<\/section>\n\t\t\t\t<\/div>\n\t\t","protected":false},"excerpt":{"rendered":"<p>Cases de Sucesso Home Cases de Sucesso Case M4 SISTEMAS Case M4 SISTEMAS O CLIENTECom mais de 10 anos de experi\u00eancia, a M4 desenvolve sistemas e solu\u00e7\u00f5es em TI,\u00a0destaque para a sua atua\u00e7\u00e3o no segmento de telecomunica\u00e7\u00f5es. Focada nas necessidades de seus clientes, conhece profundamente a rotina de procedimentos das operadoras. Recentemente, ampliou suas atividades [&hellip;]<\/p>\n","protected":false},"author":3,"featured_media":0,"parent":989193,"menu_order":0,"comment_status":"closed","ping_status":"closed","template":"","meta":{"_seopress_robots_primary_cat":"","_seopress_titles_title":"","_seopress_titles_desc":"","_seopress_robots_index":"","footnotes":""},"class_list":["post-991198","page","type-page","status-publish","hentry"],"_links":{"self":[{"href":"https:\/\/www.ogasec.com\/index.php\/wp-json\/wp\/v2\/pages\/991198","targetHints":{"allow":["GET"]}}],"collection":[{"href":"https:\/\/www.ogasec.com\/index.php\/wp-json\/wp\/v2\/pages"}],"about":[{"href":"https:\/\/www.ogasec.com\/index.php\/wp-json\/wp\/v2\/types\/page"}],"author":[{"embeddable":true,"href":"https:\/\/www.ogasec.com\/index.php\/wp-json\/wp\/v2\/users\/3"}],"replies":[{"embeddable":true,"href":"https:\/\/www.ogasec.com\/index.php\/wp-json\/wp\/v2\/comments?post=991198"}],"version-history":[{"count":4,"href":"https:\/\/www.ogasec.com\/index.php\/wp-json\/wp\/v2\/pages\/991198\/revisions"}],"predecessor-version":[{"id":991205,"href":"https:\/\/www.ogasec.com\/index.php\/wp-json\/wp\/v2\/pages\/991198\/revisions\/991205"}],"up":[{"embeddable":true,"href":"https:\/\/www.ogasec.com\/index.php\/wp-json\/wp\/v2\/pages\/989193"}],"wp:attachment":[{"href":"https:\/\/www.ogasec.com\/index.php\/wp-json\/wp\/v2\/media?parent=991198"}],"curies":[{"name":"wp","href":"https:\/\/api.w.org\/{rel}","templated":true}]}}