{"id":991220,"date":"2024-02-23T11:10:19","date_gmt":"2024-02-23T14:10:19","guid":{"rendered":"https:\/\/new.ogasec.com\/?page_id=991220"},"modified":"2024-02-23T11:12:49","modified_gmt":"2024-02-23T14:12:49","slug":"case-grupo-aldo-locatelli","status":"publish","type":"page","link":"https:\/\/www.ogasec.com\/index.php\/casos-de-sucesso\/case-grupo-aldo-locatelli\/","title":{"rendered":"Case GRUPO ALDO LOCATELLI"},"content":{"rendered":"\t\t<div data-elementor-type=\"wp-page\" data-elementor-id=\"991220\" class=\"elementor elementor-991220\" data-elementor-post-type=\"page\">\n\t\t\t\t\t\t<section class=\"elementor-section elementor-top-section elementor-element elementor-element-3b92b394 elementor-section-height-min-height elementor-section-boxed elementor-section-height-default elementor-section-items-middle\" data-id=\"3b92b394\" data-element_type=\"section\" data-e-type=\"section\" data-settings=\"{&quot;background_background&quot;:&quot;classic&quot;}\">\n\t\t\t\t\t\t<div class=\"elementor-container elementor-column-gap-default\">\n\t\t\t\t\t<div class=\"elementor-column elementor-col-100 elementor-top-column elementor-element elementor-element-4d92bf13\" data-id=\"4d92bf13\" data-element_type=\"column\" data-e-type=\"column\">\n\t\t\t<div class=\"elementor-widget-wrap elementor-element-populated\">\n\t\t\t\t\t\t<div class=\"elementor-element elementor-element-6cca1c9b animated-slow elementor-invisible elementor-widget elementor-widget-heading\" data-id=\"6cca1c9b\" data-element_type=\"widget\" data-e-type=\"widget\" data-settings=\"{&quot;_animation&quot;:&quot;fadeIn&quot;,&quot;_animation_tablet&quot;:&quot;none&quot;}\" data-widget_type=\"heading.default\">\n\t\t\t\t<div class=\"elementor-widget-container\">\n\t\t\t\t\t<h2 class=\"elementor-heading-title elementor-size-default\">Cases de Sucesso<\/h2>\t\t\t\t<\/div>\n\t\t\t\t<\/div>\n\t\t\t\t\t<\/div>\n\t\t<\/div>\n\t\t\t\t\t<\/div>\n\t\t<\/section>\n\t\t\t\t<section class=\"elementor-section elementor-top-section elementor-element elementor-element-35b35393 elementor-section-boxed elementor-section-height-default elementor-section-height-default\" data-id=\"35b35393\" data-element_type=\"section\" data-e-type=\"section\">\n\t\t\t\t\t\t<div class=\"elementor-container elementor-column-gap-default\">\n\t\t\t\t\t<div class=\"elementor-column elementor-col-100 elementor-top-column elementor-element elementor-element-3f422448\" data-id=\"3f422448\" data-element_type=\"column\" data-e-type=\"column\">\n\t\t\t<div class=\"elementor-widget-wrap elementor-element-populated\">\n\t\t\t\t\t\t<div class=\"elementor-element elementor-element-3e428caa elementor-widget elementor-widget-spacer\" data-id=\"3e428caa\" data-element_type=\"widget\" data-e-type=\"widget\" data-widget_type=\"spacer.default\">\n\t\t\t\t<div class=\"elementor-widget-container\">\n\t\t\t\t\t\t\t<div class=\"elementor-spacer\">\n\t\t\t<div class=\"elementor-spacer-inner\"><\/div>\n\t\t<\/div>\n\t\t\t\t\t\t<\/div>\n\t\t\t\t<\/div>\n\t\t\t\t<div class=\"elementor-element elementor-element-ec62760 elementor-icon-list--layout-inline elementor-list-item-link-full_width elementor-widget elementor-widget-icon-list\" data-id=\"ec62760\" data-element_type=\"widget\" data-e-type=\"widget\" data-widget_type=\"icon-list.default\">\n\t\t\t\t<div class=\"elementor-widget-container\">\n\t\t\t\t\t\t\t<ul class=\"elementor-icon-list-items elementor-inline-items\">\n\t\t\t\t\t\t\t<li class=\"elementor-icon-list-item elementor-inline-item\">\n\t\t\t\t\t\t\t\t\t\t\t<a href=\"https:\/\/new.ogasec.com\/\">\n\n\t\t\t\t\t\t\t\t\t\t\t<span class=\"elementor-icon-list-text\">Home<\/span>\n\t\t\t\t\t\t\t\t\t\t\t<\/a>\n\t\t\t\t\t\t\t\t\t<\/li>\n\t\t\t\t\t\t\t\t<li class=\"elementor-icon-list-item elementor-inline-item\">\n\t\t\t\t\t\t\t\t\t\t\t<a href=\"https:\/\/new.ogasec.com\/index.php\/casos-de-sucesso\/\">\n\n\t\t\t\t\t\t\t\t\t\t\t\t<span class=\"elementor-icon-list-icon\">\n\t\t\t\t\t\t\t<svg aria-hidden=\"true\" class=\"e-font-icon-svg e-fas-angle-right\" viewBox=\"0 0 256 512\" xmlns=\"http:\/\/www.w3.org\/2000\/svg\"><path d=\"M224.3 273l-136 136c-9.4 9.4-24.6 9.4-33.9 0l-22.6-22.6c-9.4-9.4-9.4-24.6 0-33.9l96.4-96.4-96.4-96.4c-9.4-9.4-9.4-24.6 0-33.9L54.3 103c9.4-9.4 24.6-9.4 33.9 0l136 136c9.5 9.4 9.5 24.6.1 34z\"><\/path><\/svg>\t\t\t\t\t\t<\/span>\n\t\t\t\t\t\t\t\t\t\t<span class=\"elementor-icon-list-text\">Cases de Sucesso<\/span>\n\t\t\t\t\t\t\t\t\t\t\t<\/a>\n\t\t\t\t\t\t\t\t\t<\/li>\n\t\t\t\t\t\t\t\t<li class=\"elementor-icon-list-item elementor-inline-item\">\n\t\t\t\t\t\t\t\t\t\t\t<span class=\"elementor-icon-list-icon\">\n\t\t\t\t\t\t\t<svg aria-hidden=\"true\" class=\"e-font-icon-svg e-fas-angle-right\" viewBox=\"0 0 256 512\" xmlns=\"http:\/\/www.w3.org\/2000\/svg\"><path d=\"M224.3 273l-136 136c-9.4 9.4-24.6 9.4-33.9 0l-22.6-22.6c-9.4-9.4-9.4-24.6 0-33.9l96.4-96.4-96.4-96.4c-9.4-9.4-9.4-24.6 0-33.9L54.3 103c9.4-9.4 24.6-9.4 33.9 0l136 136c9.5 9.4 9.5 24.6.1 34z\"><\/path><\/svg>\t\t\t\t\t\t<\/span>\n\t\t\t\t\t\t\t\t\t\t<span class=\"elementor-icon-list-text\">Case GRUPO ALDO LOCATELLI<\/span>\n\t\t\t\t\t\t\t\t\t<\/li>\n\t\t\t\t\t\t<\/ul>\n\t\t\t\t\t\t<\/div>\n\t\t\t\t<\/div>\n\t\t\t\t<div class=\"elementor-element elementor-element-2f737bf7 elementor-widget elementor-widget-spacer\" data-id=\"2f737bf7\" data-element_type=\"widget\" data-e-type=\"widget\" data-widget_type=\"spacer.default\">\n\t\t\t\t<div class=\"elementor-widget-container\">\n\t\t\t\t\t\t\t<div class=\"elementor-spacer\">\n\t\t\t<div class=\"elementor-spacer-inner\"><\/div>\n\t\t<\/div>\n\t\t\t\t\t\t<\/div>\n\t\t\t\t<\/div>\n\t\t\t\t<div class=\"elementor-element elementor-element-eb06c23 animated-slow elementor-invisible elementor-widget elementor-widget-heading\" data-id=\"eb06c23\" data-element_type=\"widget\" data-e-type=\"widget\" data-settings=\"{&quot;_animation&quot;:&quot;fadeIn&quot;,&quot;_animation_tablet&quot;:&quot;none&quot;}\" data-widget_type=\"heading.default\">\n\t\t\t\t<div class=\"elementor-widget-container\">\n\t\t\t\t\t<h2 class=\"elementor-heading-title elementor-size-default\">Case GRUPO ALDO LOCATELLI<\/h2>\t\t\t\t<\/div>\n\t\t\t\t<\/div>\n\t\t\t\t<div class=\"elementor-element elementor-element-61e5c353 animated-slow elementor-invisible elementor-widget elementor-widget-text-editor\" data-id=\"61e5c353\" data-element_type=\"widget\" data-e-type=\"widget\" data-settings=\"{&quot;_animation&quot;:&quot;fadeIn&quot;,&quot;_animation_tablet&quot;:&quot;none&quot;,&quot;_animation_delay&quot;:300}\" data-widget_type=\"text-editor.default\">\n\t\t\t\t<div class=\"elementor-widget-container\">\n\t\t\t\t\t\t\t\t\t<p><strong>O CLIENTE<\/strong><br \/>Fundado em 1966, o Grupo Aldo Locatelli conta com redes de postos de combust\u00edvel e restaurantes, al\u00e9m de atuar nas \u00e1reas de distribui\u00e7\u00e3o de combust\u00edvel, transporte e constru\u00e7\u00e3o. Reunindo cerca de 700 colaboradores, est\u00e1 em tr\u00eas estados brasileiros com 11 pontos de presen\u00e7a.<\/p><p><strong>OS DESAFIOS<\/strong><br \/>As opera\u00e7\u00f5es administrativas do grupo dependiam de sistemas online que eram acessados por meio de diferentes tecnologias. Dessa forma, era fundamental o provimento de seguran\u00e7a e disponibilidade atrav\u00e9s de links de Internet.<\/p><p><strong>A SOLU\u00c7\u00c3O<\/strong><br \/>A Team TI, parceira comercial da Aker, foi respons\u00e1vel por estruturar o projeto do Aker Firewall na empresa. Por meio dos recursos de VPN da solu\u00e7\u00e3o, foi poss\u00edvel implementar t\u00faneis seguros entre as filiais e a matriz. Al\u00e9m disso, o projeto proporcionou ainda alta disponibilidade de links, com redund\u00e2ncia de links de diferentes tecnologias, assim como um gerenciamento de acesso mais eficaz, viabilizando a prioriza\u00e7\u00e3o de tr\u00e1fego.<\/p><p><strong>OS RESULTADOS<\/strong><br \/>Atualmente, em todos os firewalls do Grupo est\u00e1 configurada a VPN fail over que interliga, de maneira segura, a matriz e suas 10 unidades. Em consequ\u00eancia do projeto, o cliente n\u00e3o tem a necessidade de alterar configura\u00e7\u00f5es de VPN quando o link principal fica inativo, resultando na maior satisfa\u00e7\u00e3o dos usu\u00e1rios ao entrar em contato com a central de Help Desk.<\/p><p>Para fazer download do documento em PDF\u00a0<a href=\"https:\/\/ogasec.com\/s\/2013_2014_TeamTecnologia_GrupoAldoLocatelli.pdf\" target=\"_blank\" rel=\"noopener\">clique aqui<\/a>.<\/p>\t\t\t\t\t\t\t\t<\/div>\n\t\t\t\t<\/div>\n\t\t\t\t<div class=\"elementor-element elementor-element-4813be60 elementor-widget elementor-widget-spacer\" data-id=\"4813be60\" data-element_type=\"widget\" data-e-type=\"widget\" data-widget_type=\"spacer.default\">\n\t\t\t\t<div class=\"elementor-widget-container\">\n\t\t\t\t\t\t\t<div class=\"elementor-spacer\">\n\t\t\t<div class=\"elementor-spacer-inner\"><\/div>\n\t\t<\/div>\n\t\t\t\t\t\t<\/div>\n\t\t\t\t<\/div>\n\t\t\t\t\t<\/div>\n\t\t<\/div>\n\t\t\t\t\t<\/div>\n\t\t<\/section>\n\t\t\t\t<\/div>\n\t\t","protected":false},"excerpt":{"rendered":"<p>Cases de Sucesso Home Cases de Sucesso Case GRUPO ALDO LOCATELLI Case GRUPO ALDO LOCATELLI O CLIENTEFundado em 1966, o Grupo Aldo Locatelli conta com redes de postos de combust\u00edvel e restaurantes, al\u00e9m de atuar nas \u00e1reas de distribui\u00e7\u00e3o de combust\u00edvel, transporte e constru\u00e7\u00e3o. Reunindo cerca de 700 colaboradores, est\u00e1 em tr\u00eas estados brasileiros com [&hellip;]<\/p>\n","protected":false},"author":3,"featured_media":0,"parent":989193,"menu_order":0,"comment_status":"closed","ping_status":"closed","template":"","meta":{"_seopress_robots_primary_cat":"","_seopress_titles_title":"","_seopress_titles_desc":"","_seopress_robots_index":"","footnotes":""},"class_list":["post-991220","page","type-page","status-publish","hentry"],"_links":{"self":[{"href":"https:\/\/www.ogasec.com\/index.php\/wp-json\/wp\/v2\/pages\/991220","targetHints":{"allow":["GET"]}}],"collection":[{"href":"https:\/\/www.ogasec.com\/index.php\/wp-json\/wp\/v2\/pages"}],"about":[{"href":"https:\/\/www.ogasec.com\/index.php\/wp-json\/wp\/v2\/types\/page"}],"author":[{"embeddable":true,"href":"https:\/\/www.ogasec.com\/index.php\/wp-json\/wp\/v2\/users\/3"}],"replies":[{"embeddable":true,"href":"https:\/\/www.ogasec.com\/index.php\/wp-json\/wp\/v2\/comments?post=991220"}],"version-history":[{"count":4,"href":"https:\/\/www.ogasec.com\/index.php\/wp-json\/wp\/v2\/pages\/991220\/revisions"}],"predecessor-version":[{"id":991227,"href":"https:\/\/www.ogasec.com\/index.php\/wp-json\/wp\/v2\/pages\/991220\/revisions\/991227"}],"up":[{"embeddable":true,"href":"https:\/\/www.ogasec.com\/index.php\/wp-json\/wp\/v2\/pages\/989193"}],"wp:attachment":[{"href":"https:\/\/www.ogasec.com\/index.php\/wp-json\/wp\/v2\/media?parent=991220"}],"curies":[{"name":"wp","href":"https:\/\/api.w.org\/{rel}","templated":true}]}}