{"id":991263,"date":"2024-02-23T11:30:35","date_gmt":"2024-02-23T14:30:35","guid":{"rendered":"https:\/\/new.ogasec.com\/?page_id=991263"},"modified":"2024-02-23T11:32:33","modified_gmt":"2024-02-23T14:32:33","slug":"case-prefeitura-municipal-de-feira-de-santana","status":"publish","type":"page","link":"https:\/\/www.ogasec.com\/index.php\/casos-de-sucesso\/case-prefeitura-municipal-de-feira-de-santana\/","title":{"rendered":"Case PREFEITURA MUNICIPAL DE FEIRA DE SANTANA"},"content":{"rendered":"\t\t<div data-elementor-type=\"wp-page\" data-elementor-id=\"991263\" class=\"elementor elementor-991263\" data-elementor-post-type=\"page\">\n\t\t\t\t\t\t<section class=\"elementor-section elementor-top-section elementor-element elementor-element-1555987c elementor-section-height-min-height elementor-section-boxed elementor-section-height-default elementor-section-items-middle\" data-id=\"1555987c\" data-element_type=\"section\" data-e-type=\"section\" data-settings=\"{&quot;background_background&quot;:&quot;classic&quot;}\">\n\t\t\t\t\t\t<div class=\"elementor-container elementor-column-gap-default\">\n\t\t\t\t\t<div class=\"elementor-column elementor-col-100 elementor-top-column elementor-element elementor-element-64fb5343\" data-id=\"64fb5343\" data-element_type=\"column\" data-e-type=\"column\">\n\t\t\t<div class=\"elementor-widget-wrap elementor-element-populated\">\n\t\t\t\t\t\t<div class=\"elementor-element elementor-element-790d0bf9 animated-slow elementor-invisible elementor-widget elementor-widget-heading\" data-id=\"790d0bf9\" data-element_type=\"widget\" data-e-type=\"widget\" data-settings=\"{&quot;_animation&quot;:&quot;fadeIn&quot;,&quot;_animation_tablet&quot;:&quot;none&quot;}\" data-widget_type=\"heading.default\">\n\t\t\t\t<div class=\"elementor-widget-container\">\n\t\t\t\t\t<h2 class=\"elementor-heading-title elementor-size-default\">Cases de Sucesso<\/h2>\t\t\t\t<\/div>\n\t\t\t\t<\/div>\n\t\t\t\t\t<\/div>\n\t\t<\/div>\n\t\t\t\t\t<\/div>\n\t\t<\/section>\n\t\t\t\t<section class=\"elementor-section elementor-top-section elementor-element elementor-element-2b8cd703 elementor-section-boxed elementor-section-height-default elementor-section-height-default\" data-id=\"2b8cd703\" data-element_type=\"section\" data-e-type=\"section\">\n\t\t\t\t\t\t<div class=\"elementor-container elementor-column-gap-default\">\n\t\t\t\t\t<div class=\"elementor-column elementor-col-100 elementor-top-column elementor-element elementor-element-4a511938\" data-id=\"4a511938\" data-element_type=\"column\" data-e-type=\"column\">\n\t\t\t<div class=\"elementor-widget-wrap elementor-element-populated\">\n\t\t\t\t\t\t<div class=\"elementor-element elementor-element-7383ebd2 elementor-widget elementor-widget-spacer\" data-id=\"7383ebd2\" data-element_type=\"widget\" data-e-type=\"widget\" data-widget_type=\"spacer.default\">\n\t\t\t\t<div class=\"elementor-widget-container\">\n\t\t\t\t\t\t\t<div class=\"elementor-spacer\">\n\t\t\t<div class=\"elementor-spacer-inner\"><\/div>\n\t\t<\/div>\n\t\t\t\t\t\t<\/div>\n\t\t\t\t<\/div>\n\t\t\t\t<div class=\"elementor-element elementor-element-2fc1e8a6 elementor-icon-list--layout-inline elementor-list-item-link-full_width elementor-widget elementor-widget-icon-list\" data-id=\"2fc1e8a6\" data-element_type=\"widget\" data-e-type=\"widget\" data-widget_type=\"icon-list.default\">\n\t\t\t\t<div class=\"elementor-widget-container\">\n\t\t\t\t\t\t\t<ul class=\"elementor-icon-list-items elementor-inline-items\">\n\t\t\t\t\t\t\t<li class=\"elementor-icon-list-item elementor-inline-item\">\n\t\t\t\t\t\t\t\t\t\t\t<a href=\"https:\/\/new.ogasec.com\/\">\n\n\t\t\t\t\t\t\t\t\t\t\t<span class=\"elementor-icon-list-text\">Home<\/span>\n\t\t\t\t\t\t\t\t\t\t\t<\/a>\n\t\t\t\t\t\t\t\t\t<\/li>\n\t\t\t\t\t\t\t\t<li class=\"elementor-icon-list-item elementor-inline-item\">\n\t\t\t\t\t\t\t\t\t\t\t<a href=\"https:\/\/new.ogasec.com\/index.php\/casos-de-sucesso\/\">\n\n\t\t\t\t\t\t\t\t\t\t\t\t<span class=\"elementor-icon-list-icon\">\n\t\t\t\t\t\t\t<svg aria-hidden=\"true\" class=\"e-font-icon-svg e-fas-angle-right\" viewBox=\"0 0 256 512\" xmlns=\"http:\/\/www.w3.org\/2000\/svg\"><path d=\"M224.3 273l-136 136c-9.4 9.4-24.6 9.4-33.9 0l-22.6-22.6c-9.4-9.4-9.4-24.6 0-33.9l96.4-96.4-96.4-96.4c-9.4-9.4-9.4-24.6 0-33.9L54.3 103c9.4-9.4 24.6-9.4 33.9 0l136 136c9.5 9.4 9.5 24.6.1 34z\"><\/path><\/svg>\t\t\t\t\t\t<\/span>\n\t\t\t\t\t\t\t\t\t\t<span class=\"elementor-icon-list-text\">Cases de Sucesso<\/span>\n\t\t\t\t\t\t\t\t\t\t\t<\/a>\n\t\t\t\t\t\t\t\t\t<\/li>\n\t\t\t\t\t\t\t\t<li class=\"elementor-icon-list-item elementor-inline-item\">\n\t\t\t\t\t\t\t\t\t\t\t<span class=\"elementor-icon-list-icon\">\n\t\t\t\t\t\t\t<svg aria-hidden=\"true\" class=\"e-font-icon-svg e-fas-angle-right\" viewBox=\"0 0 256 512\" xmlns=\"http:\/\/www.w3.org\/2000\/svg\"><path d=\"M224.3 273l-136 136c-9.4 9.4-24.6 9.4-33.9 0l-22.6-22.6c-9.4-9.4-9.4-24.6 0-33.9l96.4-96.4-96.4-96.4c-9.4-9.4-9.4-24.6 0-33.9L54.3 103c9.4-9.4 24.6-9.4 33.9 0l136 136c9.5 9.4 9.5 24.6.1 34z\"><\/path><\/svg>\t\t\t\t\t\t<\/span>\n\t\t\t\t\t\t\t\t\t\t<span class=\"elementor-icon-list-text\">Case Prefeitura Municipal de Feira de Santana<\/span>\n\t\t\t\t\t\t\t\t\t<\/li>\n\t\t\t\t\t\t<\/ul>\n\t\t\t\t\t\t<\/div>\n\t\t\t\t<\/div>\n\t\t\t\t<div class=\"elementor-element elementor-element-301c10fa elementor-widget elementor-widget-spacer\" data-id=\"301c10fa\" data-element_type=\"widget\" data-e-type=\"widget\" data-widget_type=\"spacer.default\">\n\t\t\t\t<div class=\"elementor-widget-container\">\n\t\t\t\t\t\t\t<div class=\"elementor-spacer\">\n\t\t\t<div class=\"elementor-spacer-inner\"><\/div>\n\t\t<\/div>\n\t\t\t\t\t\t<\/div>\n\t\t\t\t<\/div>\n\t\t\t\t<div class=\"elementor-element elementor-element-66bd4a65 animated-slow elementor-invisible elementor-widget elementor-widget-heading\" data-id=\"66bd4a65\" data-element_type=\"widget\" data-e-type=\"widget\" data-settings=\"{&quot;_animation&quot;:&quot;fadeIn&quot;,&quot;_animation_tablet&quot;:&quot;none&quot;}\" data-widget_type=\"heading.default\">\n\t\t\t\t<div class=\"elementor-widget-container\">\n\t\t\t\t\t<h2 class=\"elementor-heading-title elementor-size-default\">Case Prefeitura Municipal de Feira de Santana<\/h2>\t\t\t\t<\/div>\n\t\t\t\t<\/div>\n\t\t\t\t<div class=\"elementor-element elementor-element-1e9b9b9c animated-slow elementor-invisible elementor-widget elementor-widget-text-editor\" data-id=\"1e9b9b9c\" data-element_type=\"widget\" data-e-type=\"widget\" data-settings=\"{&quot;_animation&quot;:&quot;fadeIn&quot;,&quot;_animation_tablet&quot;:&quot;none&quot;,&quot;_animation_delay&quot;:300}\" data-widget_type=\"text-editor.default\">\n\t\t\t\t<div class=\"elementor-widget-container\">\n\t\t\t\t\t\t\t\t\t<p><strong>O Cliente<\/strong><br \/>Prefeitura Municipal de Feira de Santana. Considerada a segunda cidade mais populosa do estado da Bahia e a sexta maior cidade do interior do pa\u00eds, com seus quase 700 mil habitantes, Feira de Santana \u00e9 o maior entroncamento rodovi\u00e1rio do Norte e Nordeste do pa\u00eds, destacando-se por sua atividade econ\u00f4mica no com\u00e9rcio e ind\u00fastria.<\/p><p><strong>Os Desafios<\/strong><br \/>O grande desafio do projeto foi garantir o atendimento de 100% da rede escolar do munic\u00edpio com uma rede de transporte capaz de trafegar dados, v\u00eddeo e voz. Essa foi uma exig\u00eancia do pr\u00f3prio prefeito para que o projeto fosse autorizado. Feira de Santana possui uma \u00e1rea de 1.337.993 Km2 e a rede escolar a ser atendida possui cerca de 300 escolas localizadas na sede do munic\u00edpio e na zona rural. O que representou o maior obst\u00e1culo foi levar rede para as escolas localizadas \u00e0s vezes a mais de 30 km da sede.<\/p><p><strong>A Solu\u00e7\u00e3o<\/strong><br \/>A solu\u00e7\u00e3o proposta pela WIMAXI, Revenda Aker, foi a montagem de uma rede heterog\u00eanea com a utiliza\u00e7\u00e3o de fibra \u00f3tica e r\u00e1dios de alto desempenho, levando sinal a todos os pontos em que existem escolas. Foram ent\u00e3o constru\u00eddas 6 torres de transmiss\u00e3o espalhadas no munic\u00edpio, inclusive, uma torre localizada em uma serra a 30 km do centro da cidade, respons\u00e1vel por levar o sinal aos distritos e \u00e0 zona rural ao norte de Feira de Santana. Neste ponto foi constru\u00eddo um abrigo com seis pain\u00e9is de transmiss\u00e3o (ERB) alimentados por energia solar e e\u00f3lica. Projetado o modelo f\u00edsico de transporte, deu-se in\u00edcio \u00e0 solu\u00e7\u00e3o l\u00f3gica da rede. Foi criada uma Vlan para cada escola e colocado um minibox AKER modelo 337 com filtro de conte\u00fado respons\u00e1vel pela ger\u00eancia da rede da unidade educacional, inclusive com a quebra do broadcast da rede local. Todo o sistema \u00e9 gerenciado por um par da solu\u00e7\u00e3o AKER 12137, instalados em cluster para a administra\u00e7\u00e3o remota dos minibox, e foi utilizada a solu\u00e7\u00e3o AKER CONFIGURATION MANAGER para a configura\u00e7\u00e3o e administra\u00e7\u00e3o dos equipamentos das 300 escolas.<\/p><p><strong>Os Resultados<\/strong><br \/>O projeto \u00e9 hoje um dos maiores do Brasil para levar internet de boa qualidade a 100% das escolas. Todas as escolas possuem uma banda garantida e de 10Mbps, WiFi, conte\u00fado filtrado e controlado para o acesso seguro dos alunos da rede p\u00fablica. A melhora na satisfa\u00e7\u00e3o dos docentes e discentes \u00e9 clara e fica evidente nos novos equipamentos dispon\u00edveis, gra\u00e7as \u00e0 implanta\u00e7\u00e3o da rede. Tudo isso se traduz em um case de sucesso e garante que a escola p\u00fablica tenha a mesma competitividade da escola da rede privada na forma\u00e7\u00e3o de seus alunos.<\/p><p>Para fazer download do documento em PDF\u00a0<a href=\"https:\/\/ogasec.com\/s\/Case-prefeitura-feira-de-santana.pdf\" target=\"_blank\" rel=\"noopener\">clique aqui<\/a><a href=\"https:\/\/ogasec.com\/s\/Case-prefeitura-feira-de-santana.pdf\" target=\"_blank\" rel=\"noopener\">.<\/a><\/p>\t\t\t\t\t\t\t\t<\/div>\n\t\t\t\t<\/div>\n\t\t\t\t<div class=\"elementor-element elementor-element-1d40ee3c elementor-widget elementor-widget-spacer\" data-id=\"1d40ee3c\" data-element_type=\"widget\" data-e-type=\"widget\" data-widget_type=\"spacer.default\">\n\t\t\t\t<div class=\"elementor-widget-container\">\n\t\t\t\t\t\t\t<div class=\"elementor-spacer\">\n\t\t\t<div class=\"elementor-spacer-inner\"><\/div>\n\t\t<\/div>\n\t\t\t\t\t\t<\/div>\n\t\t\t\t<\/div>\n\t\t\t\t\t<\/div>\n\t\t<\/div>\n\t\t\t\t\t<\/div>\n\t\t<\/section>\n\t\t\t\t<\/div>\n\t\t","protected":false},"excerpt":{"rendered":"<p>Cases de Sucesso Home Cases de Sucesso Case Prefeitura Municipal de Feira de Santana Case Prefeitura Municipal de Feira de Santana O ClientePrefeitura Municipal de Feira de Santana. Considerada a segunda cidade mais populosa do estado da Bahia e a sexta maior cidade do interior do pa\u00eds, com seus quase 700 mil habitantes, Feira de [&hellip;]<\/p>\n","protected":false},"author":3,"featured_media":0,"parent":989193,"menu_order":0,"comment_status":"closed","ping_status":"closed","template":"","meta":{"_seopress_robots_primary_cat":"","_seopress_titles_title":"","_seopress_titles_desc":"","_seopress_robots_index":"","footnotes":""},"class_list":["post-991263","page","type-page","status-publish","hentry"],"_links":{"self":[{"href":"https:\/\/www.ogasec.com\/index.php\/wp-json\/wp\/v2\/pages\/991263","targetHints":{"allow":["GET"]}}],"collection":[{"href":"https:\/\/www.ogasec.com\/index.php\/wp-json\/wp\/v2\/pages"}],"about":[{"href":"https:\/\/www.ogasec.com\/index.php\/wp-json\/wp\/v2\/types\/page"}],"author":[{"embeddable":true,"href":"https:\/\/www.ogasec.com\/index.php\/wp-json\/wp\/v2\/users\/3"}],"replies":[{"embeddable":true,"href":"https:\/\/www.ogasec.com\/index.php\/wp-json\/wp\/v2\/comments?post=991263"}],"version-history":[{"count":4,"href":"https:\/\/www.ogasec.com\/index.php\/wp-json\/wp\/v2\/pages\/991263\/revisions"}],"predecessor-version":[{"id":991270,"href":"https:\/\/www.ogasec.com\/index.php\/wp-json\/wp\/v2\/pages\/991263\/revisions\/991270"}],"up":[{"embeddable":true,"href":"https:\/\/www.ogasec.com\/index.php\/wp-json\/wp\/v2\/pages\/989193"}],"wp:attachment":[{"href":"https:\/\/www.ogasec.com\/index.php\/wp-json\/wp\/v2\/media?parent=991263"}],"curies":[{"name":"wp","href":"https:\/\/api.w.org\/{rel}","templated":true}]}}