{"id":991274,"date":"2024-02-23T11:33:55","date_gmt":"2024-02-23T14:33:55","guid":{"rendered":"https:\/\/new.ogasec.com\/?page_id=991274"},"modified":"2024-02-23T11:35:18","modified_gmt":"2024-02-23T14:35:18","slug":"case-sesc-ms","status":"publish","type":"page","link":"https:\/\/www.ogasec.com\/index.php\/casos-de-sucesso\/case-sesc-ms\/","title":{"rendered":"Case SESC\/MS"},"content":{"rendered":"\t\t<div data-elementor-type=\"wp-page\" data-elementor-id=\"991274\" class=\"elementor elementor-991274\" data-elementor-post-type=\"page\">\n\t\t\t\t\t\t<section class=\"elementor-section elementor-top-section elementor-element elementor-element-41149d5c elementor-section-height-min-height elementor-section-boxed elementor-section-height-default elementor-section-items-middle\" data-id=\"41149d5c\" data-element_type=\"section\" data-e-type=\"section\" data-settings=\"{&quot;background_background&quot;:&quot;classic&quot;}\">\n\t\t\t\t\t\t<div class=\"elementor-container elementor-column-gap-default\">\n\t\t\t\t\t<div class=\"elementor-column elementor-col-100 elementor-top-column elementor-element elementor-element-53149861\" data-id=\"53149861\" data-element_type=\"column\" data-e-type=\"column\">\n\t\t\t<div class=\"elementor-widget-wrap elementor-element-populated\">\n\t\t\t\t\t\t<div class=\"elementor-element elementor-element-3c0e828d animated-slow elementor-invisible elementor-widget elementor-widget-heading\" data-id=\"3c0e828d\" data-element_type=\"widget\" data-e-type=\"widget\" data-settings=\"{&quot;_animation&quot;:&quot;fadeIn&quot;,&quot;_animation_tablet&quot;:&quot;none&quot;}\" data-widget_type=\"heading.default\">\n\t\t\t\t<div class=\"elementor-widget-container\">\n\t\t\t\t\t<h2 class=\"elementor-heading-title elementor-size-default\">Cases de Sucesso<\/h2>\t\t\t\t<\/div>\n\t\t\t\t<\/div>\n\t\t\t\t\t<\/div>\n\t\t<\/div>\n\t\t\t\t\t<\/div>\n\t\t<\/section>\n\t\t\t\t<section class=\"elementor-section elementor-top-section elementor-element elementor-element-583a7663 elementor-section-boxed elementor-section-height-default elementor-section-height-default\" data-id=\"583a7663\" data-element_type=\"section\" data-e-type=\"section\">\n\t\t\t\t\t\t<div class=\"elementor-container elementor-column-gap-default\">\n\t\t\t\t\t<div class=\"elementor-column elementor-col-100 elementor-top-column elementor-element elementor-element-7648a7c4\" data-id=\"7648a7c4\" data-element_type=\"column\" data-e-type=\"column\">\n\t\t\t<div class=\"elementor-widget-wrap elementor-element-populated\">\n\t\t\t\t\t\t<div class=\"elementor-element elementor-element-557ca958 elementor-widget elementor-widget-spacer\" data-id=\"557ca958\" data-element_type=\"widget\" data-e-type=\"widget\" data-widget_type=\"spacer.default\">\n\t\t\t\t<div class=\"elementor-widget-container\">\n\t\t\t\t\t\t\t<div class=\"elementor-spacer\">\n\t\t\t<div class=\"elementor-spacer-inner\"><\/div>\n\t\t<\/div>\n\t\t\t\t\t\t<\/div>\n\t\t\t\t<\/div>\n\t\t\t\t<div class=\"elementor-element elementor-element-6c4b72cc elementor-icon-list--layout-inline elementor-list-item-link-full_width elementor-widget elementor-widget-icon-list\" data-id=\"6c4b72cc\" data-element_type=\"widget\" data-e-type=\"widget\" data-widget_type=\"icon-list.default\">\n\t\t\t\t<div class=\"elementor-widget-container\">\n\t\t\t\t\t\t\t<ul class=\"elementor-icon-list-items elementor-inline-items\">\n\t\t\t\t\t\t\t<li class=\"elementor-icon-list-item elementor-inline-item\">\n\t\t\t\t\t\t\t\t\t\t\t<a href=\"https:\/\/new.ogasec.com\/\">\n\n\t\t\t\t\t\t\t\t\t\t\t<span class=\"elementor-icon-list-text\">Home<\/span>\n\t\t\t\t\t\t\t\t\t\t\t<\/a>\n\t\t\t\t\t\t\t\t\t<\/li>\n\t\t\t\t\t\t\t\t<li class=\"elementor-icon-list-item elementor-inline-item\">\n\t\t\t\t\t\t\t\t\t\t\t<a href=\"https:\/\/new.ogasec.com\/index.php\/casos-de-sucesso\/\">\n\n\t\t\t\t\t\t\t\t\t\t\t\t<span class=\"elementor-icon-list-icon\">\n\t\t\t\t\t\t\t<svg aria-hidden=\"true\" class=\"e-font-icon-svg e-fas-angle-right\" viewBox=\"0 0 256 512\" xmlns=\"http:\/\/www.w3.org\/2000\/svg\"><path d=\"M224.3 273l-136 136c-9.4 9.4-24.6 9.4-33.9 0l-22.6-22.6c-9.4-9.4-9.4-24.6 0-33.9l96.4-96.4-96.4-96.4c-9.4-9.4-9.4-24.6 0-33.9L54.3 103c9.4-9.4 24.6-9.4 33.9 0l136 136c9.5 9.4 9.5 24.6.1 34z\"><\/path><\/svg>\t\t\t\t\t\t<\/span>\n\t\t\t\t\t\t\t\t\t\t<span class=\"elementor-icon-list-text\">Cases de Sucesso<\/span>\n\t\t\t\t\t\t\t\t\t\t\t<\/a>\n\t\t\t\t\t\t\t\t\t<\/li>\n\t\t\t\t\t\t\t\t<li class=\"elementor-icon-list-item elementor-inline-item\">\n\t\t\t\t\t\t\t\t\t\t\t<span class=\"elementor-icon-list-icon\">\n\t\t\t\t\t\t\t<svg aria-hidden=\"true\" class=\"e-font-icon-svg e-fas-angle-right\" viewBox=\"0 0 256 512\" xmlns=\"http:\/\/www.w3.org\/2000\/svg\"><path d=\"M224.3 273l-136 136c-9.4 9.4-24.6 9.4-33.9 0l-22.6-22.6c-9.4-9.4-9.4-24.6 0-33.9l96.4-96.4-96.4-96.4c-9.4-9.4-9.4-24.6 0-33.9L54.3 103c9.4-9.4 24.6-9.4 33.9 0l136 136c9.5 9.4 9.5 24.6.1 34z\"><\/path><\/svg>\t\t\t\t\t\t<\/span>\n\t\t\t\t\t\t\t\t\t\t<span class=\"elementor-icon-list-text\">Case SESC\/MS<\/span>\n\t\t\t\t\t\t\t\t\t<\/li>\n\t\t\t\t\t\t<\/ul>\n\t\t\t\t\t\t<\/div>\n\t\t\t\t<\/div>\n\t\t\t\t<div class=\"elementor-element elementor-element-7499b73a elementor-widget elementor-widget-spacer\" data-id=\"7499b73a\" data-element_type=\"widget\" data-e-type=\"widget\" data-widget_type=\"spacer.default\">\n\t\t\t\t<div class=\"elementor-widget-container\">\n\t\t\t\t\t\t\t<div class=\"elementor-spacer\">\n\t\t\t<div class=\"elementor-spacer-inner\"><\/div>\n\t\t<\/div>\n\t\t\t\t\t\t<\/div>\n\t\t\t\t<\/div>\n\t\t\t\t<div class=\"elementor-element elementor-element-67a958a7 animated-slow elementor-invisible elementor-widget elementor-widget-heading\" data-id=\"67a958a7\" data-element_type=\"widget\" data-e-type=\"widget\" data-settings=\"{&quot;_animation&quot;:&quot;fadeIn&quot;,&quot;_animation_tablet&quot;:&quot;none&quot;}\" data-widget_type=\"heading.default\">\n\t\t\t\t<div class=\"elementor-widget-container\">\n\t\t\t\t\t<h2 class=\"elementor-heading-title elementor-size-default\">Case SESC\/MS<\/h2>\t\t\t\t<\/div>\n\t\t\t\t<\/div>\n\t\t\t\t<div class=\"elementor-element elementor-element-62dcca4d animated-slow elementor-invisible elementor-widget elementor-widget-text-editor\" data-id=\"62dcca4d\" data-element_type=\"widget\" data-e-type=\"widget\" data-settings=\"{&quot;_animation&quot;:&quot;fadeIn&quot;,&quot;_animation_tablet&quot;:&quot;none&quot;,&quot;_animation_delay&quot;:300}\" data-widget_type=\"text-editor.default\">\n\t\t\t\t<div class=\"elementor-widget-container\">\n\t\t\t\t\t\t\t\t\t<p><strong>O Cliente<\/strong><br \/>O Servi\u00e7o Social do Com\u00e9rcio do Mato Grosso do Sul (SESC\/MS), mantido pelos empres\u00e1rios do com\u00e9rcio de bens, turismo e servi\u00e7os, \u00e9 uma empresa privada que tem como objetivo proporcionar o bem estar e qualidade de vida aos trabalhadores deste setor e sua fam\u00edlia.<br \/>A empresa \u00e9 de porte m\u00e9dio, mas com faturamento de grande porte.<\/p><p><strong>Os Desafios<\/strong><br \/>O maior desafio enfrentado pela JHTI Tecnologia, Revenda Aker, foi mostrar para o cliente que a solu\u00e7\u00e3o UTM da Aker era t\u00e3o boa quanto \u00e0s dos grandes concorrentes, pois boa parte da empresa usava Check Point e pretendia continuar utilizando a mesma solu\u00e7\u00e3o de forma homog\u00eanea.<br \/>Quando a revenda foi apresentada ao cliente, no entanto, este sofria com \u201cilhas de informa\u00e7\u00f5es\u201d, falta de integra\u00e7\u00e3o e de muito suporte devido a filiais remotas e assist\u00eancia pouco qualificada.<\/p><p><strong>A Solu\u00e7\u00e3o<\/strong><br \/>A JHTI Tecnologia resolveu, ent\u00e3o, apresentar as solu\u00e7\u00f5es da Aker para o cliente, em espec\u00edfico, o Aker Firewall UTM. Ap\u00f3s a homologa\u00e7\u00e3o do produto, o SESC\/MS j\u00e1 se sentiu muito satisfeito com a flexibilidade apresentada pela solu\u00e7\u00e3o para contornar dificuldades.<br \/>Optou-se, ent\u00e3o, pela implanta\u00e7\u00e3o de uma solu\u00e7\u00e3o de alta disponibilidade (Cluster HA) para a matriz e filiais.<br \/>Uma estrutura de VPN Aker-to-Aker foi montada entre a matriz e 6 filiais, com equipamentos em cluster, para uma maior interoperabilidade e para que fosse poss\u00edvel realizar a comunica\u00e7\u00e3o de voz e dados entre as empresas, tais como integra\u00e7\u00e3o das bases de Active Directory, Antiv\u00edrus, Exchange, VoIP e outros. Tamb\u00e9m foi implementado o Proxy Transparente com inspe\u00e7\u00e3o SSL, o que aumentou a produtividade da empresa, pois agora redes sociais e outros sites que n\u00e3o fazem parte do rol de trabalho da empresa s\u00f3 podem ser acessados em determinados hor\u00e1rios.<\/p><p><strong>Os Resultados<\/strong><br \/>O resultado foi enriquecedor, a equipe de tecnologia do SESC\/MS agora consegue atender as demandas de TI da empresa com muito mais rapidez, proatividade e efic\u00e1cia. Hoje, o cliente j\u00e1 possui 14 equipamentos da Aker e com a cria\u00e7\u00e3o de mais duas filiais este n\u00famero aumentar\u00e1 para 18.<br \/>Satisfeitos com a solu\u00e7\u00e3o UTM da Aker, hoje o cliente possui uma boa parceria com a revenda JHTI, e o sucesso do projeto abriu portas para novos neg\u00f3cios com a institui\u00e7\u00e3o.<\/p><p>Para fazer download do documento em PDF\u00a0<a href=\"https:\/\/ogasec.com\/s\/Case-sesc-ms.pdf\" target=\"_blank\" rel=\"noopener\">clique aqui<\/a><a href=\"https:\/\/ogasec.com\/s\/Case-sesc-ms.pdf\" target=\"_blank\" rel=\"noopener\">.<\/a><\/p>\t\t\t\t\t\t\t\t<\/div>\n\t\t\t\t<\/div>\n\t\t\t\t<div class=\"elementor-element elementor-element-20efd722 elementor-widget elementor-widget-spacer\" data-id=\"20efd722\" data-element_type=\"widget\" data-e-type=\"widget\" data-widget_type=\"spacer.default\">\n\t\t\t\t<div class=\"elementor-widget-container\">\n\t\t\t\t\t\t\t<div class=\"elementor-spacer\">\n\t\t\t<div class=\"elementor-spacer-inner\"><\/div>\n\t\t<\/div>\n\t\t\t\t\t\t<\/div>\n\t\t\t\t<\/div>\n\t\t\t\t\t<\/div>\n\t\t<\/div>\n\t\t\t\t\t<\/div>\n\t\t<\/section>\n\t\t\t\t<\/div>\n\t\t","protected":false},"excerpt":{"rendered":"<p>Cases de Sucesso Home Cases de Sucesso Case SESC\/MS Case SESC\/MS O ClienteO Servi\u00e7o Social do Com\u00e9rcio do Mato Grosso do Sul (SESC\/MS), mantido pelos empres\u00e1rios do com\u00e9rcio de bens, turismo e servi\u00e7os, \u00e9 uma empresa privada que tem como objetivo proporcionar o bem estar e qualidade de vida aos trabalhadores deste setor e sua [&hellip;]<\/p>\n","protected":false},"author":3,"featured_media":0,"parent":989193,"menu_order":0,"comment_status":"closed","ping_status":"closed","template":"","meta":{"_seopress_robots_primary_cat":"","_seopress_titles_title":"","_seopress_titles_desc":"","_seopress_robots_index":"","footnotes":""},"class_list":["post-991274","page","type-page","status-publish","hentry"],"_links":{"self":[{"href":"https:\/\/www.ogasec.com\/index.php\/wp-json\/wp\/v2\/pages\/991274","targetHints":{"allow":["GET"]}}],"collection":[{"href":"https:\/\/www.ogasec.com\/index.php\/wp-json\/wp\/v2\/pages"}],"about":[{"href":"https:\/\/www.ogasec.com\/index.php\/wp-json\/wp\/v2\/types\/page"}],"author":[{"embeddable":true,"href":"https:\/\/www.ogasec.com\/index.php\/wp-json\/wp\/v2\/users\/3"}],"replies":[{"embeddable":true,"href":"https:\/\/www.ogasec.com\/index.php\/wp-json\/wp\/v2\/comments?post=991274"}],"version-history":[{"count":4,"href":"https:\/\/www.ogasec.com\/index.php\/wp-json\/wp\/v2\/pages\/991274\/revisions"}],"predecessor-version":[{"id":991282,"href":"https:\/\/www.ogasec.com\/index.php\/wp-json\/wp\/v2\/pages\/991274\/revisions\/991282"}],"up":[{"embeddable":true,"href":"https:\/\/www.ogasec.com\/index.php\/wp-json\/wp\/v2\/pages\/989193"}],"wp:attachment":[{"href":"https:\/\/www.ogasec.com\/index.php\/wp-json\/wp\/v2\/media?parent=991274"}],"curies":[{"name":"wp","href":"https:\/\/api.w.org\/{rel}","templated":true}]}}