{"id":991456,"date":"2024-02-24T07:58:56","date_gmt":"2024-02-24T10:58:56","guid":{"rendered":"https:\/\/new.ogasec.com\/?page_id=991456"},"modified":"2024-03-08T19:00:05","modified_gmt":"2024-03-08T22:00:05","slug":"contato-canal-etico","status":"publish","type":"page","link":"https:\/\/www.ogasec.com\/index.php\/contato-canal-etico\/","title":{"rendered":"Contato &#8211; Canal \u00e9tico"},"content":{"rendered":"\t\t<div data-elementor-type=\"wp-page\" data-elementor-id=\"991456\" class=\"elementor elementor-991456\" data-elementor-post-type=\"page\">\n\t\t\t\t\t\t<section class=\"elementor-section elementor-top-section elementor-element elementor-element-4c9ff12d elementor-section-height-min-height elementor-section-boxed elementor-section-height-default elementor-section-items-middle\" data-id=\"4c9ff12d\" data-element_type=\"section\" data-e-type=\"section\" data-settings=\"{&quot;background_background&quot;:&quot;classic&quot;}\">\n\t\t\t\t\t\t<div class=\"elementor-container elementor-column-gap-default\">\n\t\t\t\t\t<div class=\"elementor-column elementor-col-100 elementor-top-column elementor-element elementor-element-6415e906\" data-id=\"6415e906\" data-element_type=\"column\" data-e-type=\"column\">\n\t\t\t<div class=\"elementor-widget-wrap elementor-element-populated\">\n\t\t\t\t\t\t<div class=\"elementor-element elementor-element-7a33fd2e animated-slow elementor-invisible elementor-widget elementor-widget-heading\" data-id=\"7a33fd2e\" data-element_type=\"widget\" data-e-type=\"widget\" data-settings=\"{&quot;_animation&quot;:&quot;fadeIn&quot;,&quot;_animation_tablet&quot;:&quot;none&quot;}\" data-widget_type=\"heading.default\">\n\t\t\t\t<div class=\"elementor-widget-container\">\n\t\t\t\t\t<h2 class=\"elementor-heading-title elementor-size-default\">Canal \u00e9tico<\/h2>\t\t\t\t<\/div>\n\t\t\t\t<\/div>\n\t\t\t\t\t<\/div>\n\t\t<\/div>\n\t\t\t\t\t<\/div>\n\t\t<\/section>\n\t\t\t\t<section class=\"elementor-section elementor-top-section elementor-element elementor-element-0f59148 elementor-section-boxed elementor-section-height-default elementor-section-height-default\" data-id=\"0f59148\" data-element_type=\"section\" data-e-type=\"section\">\n\t\t\t\t\t\t<div class=\"elementor-container elementor-column-gap-default\">\n\t\t\t\t\t<div class=\"elementor-column elementor-col-100 elementor-top-column elementor-element elementor-element-a84dacc\" data-id=\"a84dacc\" data-element_type=\"column\" data-e-type=\"column\">\n\t\t\t<div class=\"elementor-widget-wrap\">\n\t\t\t\t\t\t\t<\/div>\n\t\t<\/div>\n\t\t\t\t\t<\/div>\n\t\t<\/section>\n\t\t<div class=\"elementor-element elementor-element-e68066d e-flex e-con-boxed e-con e-parent\" data-id=\"e68066d\" data-element_type=\"container\" data-e-type=\"container\">\n\t\t\t\t\t<div class=\"e-con-inner\">\n\t\t<div class=\"elementor-element elementor-element-c8eb8bf e-con-full e-flex e-con e-child\" data-id=\"c8eb8bf\" data-element_type=\"container\" data-e-type=\"container\">\n\t\t\t\t<div class=\"elementor-element elementor-element-275acf9 elementor-widget elementor-widget-heading\" data-id=\"275acf9\" data-element_type=\"widget\" data-e-type=\"widget\" data-widget_type=\"heading.default\">\n\t\t\t\t<div class=\"elementor-widget-container\">\n\t\t\t\t\t<h3 class=\"elementor-heading-title elementor-size-default\">Canal \u00e9tico<\/h3>\t\t\t\t<\/div>\n\t\t\t\t<\/div>\n\t\t\t\t<div class=\"elementor-element elementor-element-019f614 elementor-widget elementor-widget-text-editor\" data-id=\"019f614\" data-element_type=\"widget\" data-e-type=\"widget\" data-widget_type=\"text-editor.default\">\n\t\t\t\t<div class=\"elementor-widget-container\">\n\t\t\t\t\t\t\t\t\t<p class=\"\">Caso deseje, seu contato poder\u00e1 ser an\u00f4nimo. Se disponibilizar alguma informa\u00e7\u00e3o de contato, poderemos mant\u00ea-lo informado sobre o andamento do processo.\u00a0<\/p><p class=\"\">Para d\u00favidas, consulte nosso <a href=\"https:\/\/ogasec.com\/s\/Codigo-de-Etica-e-Conduta-Ogasec-Cybersecurity.pdf\">C\u00f3digo de \u00c9tica e Conduta<\/a><\/p><p class=\"\">Se preferir, entre em contato por email:\u00a0<a href=\"mailto:canal.etico@ogasec.com.br\">canal.etico@ogasec.com<\/a><\/p>\t\t\t\t\t\t\t\t<\/div>\n\t\t\t\t<\/div>\n\t\t\t\t<div class=\"elementor-element elementor-element-bd14725 elementor-widget elementor-widget-text-editor\" data-id=\"bd14725\" data-element_type=\"widget\" data-e-type=\"widget\" data-widget_type=\"text-editor.default\">\n\t\t\t\t<div class=\"elementor-widget-container\">\n\t\t\t\t\t\t\t\t\t<p>Para a OGASEC, a integridade faz parte dos valores de base e proteger a nossa reputa\u00e7\u00e3o \u00e9 fundamental. Se voc\u00ea souber ou suspeitar de qualquer atividade que fuja dos padr\u00f5es \u00e9ticos da empresa, conforme o C\u00f3digo de \u00c9tica e Conduta, utilize esse canal para nos manter informados.\u00a0<\/p>\t\t\t\t\t\t\t\t<\/div>\n\t\t\t\t<\/div>\n\t\t\t\t<\/div>\n\t\t<div class=\"elementor-element elementor-element-c53ccdd e-con-full e-flex e-con e-child\" data-id=\"c53ccdd\" data-element_type=\"container\" data-e-type=\"container\">\n\t\t<div class=\"elementor-element elementor-element-59ca3ca e-flex e-con-boxed e-con e-child\" data-id=\"59ca3ca\" data-element_type=\"container\" data-e-type=\"container\">\n\t\t\t\t\t<div class=\"e-con-inner\">\n\t\t<div class=\"elementor-element elementor-element-49c9d7a e-con-full e-flex e-con e-child\" data-id=\"49c9d7a\" data-element_type=\"container\" data-e-type=\"container\">\n\t\t\t\t<div class=\"elementor-element elementor-element-c8046d6 elementor-widget elementor-widget-image\" data-id=\"c8046d6\" data-element_type=\"widget\" data-e-type=\"widget\" data-widget_type=\"image.default\">\n\t\t\t\t<div class=\"elementor-widget-container\">\n\t\t\t\t\t\t\t\t\t\t\t\t\t\t\t\t<a href=\"https:\/\/new.ogasec.com\/index.php\/contato-trabalhe-conosco\/\">\n\t\t\t\t\t\t\t<img alt=\"\" fetchpriority=\"high\" decoding=\"async\" width=\"300\" height=\"250\" src=\"https:\/\/www.ogasec.com\/wp-content\/uploads\/2024\/02\/trabalhe-conosco.webp\" class=\"attachment-large size-large wp-image-991077\" alt=\"\" \/>\t\t\t\t\t\t\t\t<\/a>\n\t\t\t\t\t\t\t\t\t\t\t\t\t\t\t<\/div>\n\t\t\t\t<\/div>\n\t\t\t\t<\/div>\n\t\t<div class=\"elementor-element elementor-element-e6b1c63 e-con-full e-flex e-con e-child\" data-id=\"e6b1c63\" data-element_type=\"container\" data-e-type=\"container\">\n\t\t\t\t<div class=\"elementor-element elementor-element-5d94ca1 elementor-widget elementor-widget-text-editor\" data-id=\"5d94ca1\" data-element_type=\"widget\" data-e-type=\"widget\" data-widget_type=\"text-editor.default\">\n\t\t\t\t<div class=\"elementor-widget-container\">\n\t\t\t\t\t\t\t\t\t<p>O OGASEC mant\u00e9m uma busca constante de solu\u00e7\u00f5es personalizadas e se adapta melhor \u00e0s necessidades das empresas e aqui \u00e9 o nosso espa\u00e7o para trocas de ideias, d\u00favidas e sugest\u00f5es.\u00a0\u00a0<\/p>\t\t\t\t\t\t\t\t<\/div>\n\t\t\t\t<\/div>\n\t\t\t\t<\/div>\n\t\t\t\t\t<\/div>\n\t\t\t\t<\/div>\n\t\t<div class=\"elementor-element elementor-element-bf54af0 e-flex e-con-boxed e-con e-child\" data-id=\"bf54af0\" data-element_type=\"container\" data-e-type=\"container\">\n\t\t\t\t\t<div class=\"e-con-inner\">\n\t\t<div class=\"elementor-element elementor-element-ec7e7e0 e-con-full e-flex e-con e-child\" data-id=\"ec7e7e0\" data-element_type=\"container\" data-e-type=\"container\">\n\t\t\t\t<div class=\"elementor-element elementor-element-8111c5a elementor-widget elementor-widget-image\" data-id=\"8111c5a\" data-element_type=\"widget\" data-e-type=\"widget\" data-widget_type=\"image.default\">\n\t\t\t\t<div class=\"elementor-widget-container\">\n\t\t\t\t\t\t\t\t\t\t\t\t\t\t\t\t<a href=\"https:\/\/new.ogasec.com\/index.php\/contato-canal-etico\/\">\n\t\t\t\t\t\t\t<img alt=\"\" decoding=\"async\" width=\"300\" height=\"250\" src=\"https:\/\/www.ogasec.com\/wp-content\/uploads\/2024\/02\/etica-bann300x250.png\" class=\"attachment-large size-large wp-image-991259\" alt=\"\" \/>\t\t\t\t\t\t\t\t<\/a>\n\t\t\t\t\t\t\t\t\t\t\t\t\t\t\t<\/div>\n\t\t\t\t<\/div>\n\t\t\t\t<\/div>\n\t\t<div class=\"elementor-element elementor-element-75e6ec3 e-con-full e-flex e-con e-child\" data-id=\"75e6ec3\" data-element_type=\"container\" data-e-type=\"container\">\n\t\t\t\t<div class=\"elementor-element elementor-element-bfa4ae9 elementor-widget elementor-widget-text-editor\" data-id=\"bfa4ae9\" data-element_type=\"widget\" data-e-type=\"widget\" data-widget_type=\"text-editor.default\">\n\t\t\t\t<div class=\"elementor-widget-container\">\n\t\t\t\t\t\t\t\t\tPara a OGASEC, a integridade faz parte dos valores de base e proteger a nossa reputa\u00e7\u00e3o \u00e9 fundamental. Se voc\u00ea souber ou suspeitar de qualquer atividade que fuja dos padr\u00f5es \u00e9ticos da empresa, conforme o C\u00f3digo de \u00c9tica e Conduta, utilize esse canal para nos manter\u00a0informados.\t\t\t\t\t\t\t\t<\/div>\n\t\t\t\t<\/div>\n\t\t\t\t<\/div>\n\t\t\t\t\t<\/div>\n\t\t\t\t<\/div>\n\t\t<div class=\"elementor-element elementor-element-694af57 e-flex e-con-boxed e-con e-child\" data-id=\"694af57\" data-element_type=\"container\" data-e-type=\"container\">\n\t\t\t\t\t<div class=\"e-con-inner\">\n\t\t<div class=\"elementor-element elementor-element-6ca0114 e-con-full e-flex e-con e-child\" data-id=\"6ca0114\" data-element_type=\"container\" data-e-type=\"container\">\n\t\t\t\t<div class=\"elementor-element elementor-element-bc5c8b7 elementor-widget elementor-widget-image\" data-id=\"bc5c8b7\" data-element_type=\"widget\" data-e-type=\"widget\" data-widget_type=\"image.default\">\n\t\t\t\t<div class=\"elementor-widget-container\">\n\t\t\t\t\t\t\t\t\t\t\t\t\t\t\t\t<a href=\"https:\/\/new.ogasec.com\/index.php\/contato-dpo\/\">\n\t\t\t\t\t\t\t<img alt=\"\" decoding=\"async\" width=\"300\" height=\"250\" src=\"https:\/\/www.ogasec.com\/wp-content\/uploads\/2024\/02\/banner-dpo.webp\" class=\"attachment-large size-large wp-image-991290\" alt=\"\" \/>\t\t\t\t\t\t\t\t<\/a>\n\t\t\t\t\t\t\t\t\t\t\t\t\t\t\t<\/div>\n\t\t\t\t<\/div>\n\t\t\t\t<\/div>\n\t\t<div class=\"elementor-element elementor-element-d55c600 e-con-full e-flex e-con e-child\" data-id=\"d55c600\" data-element_type=\"container\" data-e-type=\"container\">\n\t\t\t\t<div class=\"elementor-element elementor-element-ccb7df4 elementor-widget elementor-widget-text-editor\" data-id=\"ccb7df4\" data-element_type=\"widget\" data-e-type=\"widget\" data-widget_type=\"text-editor.default\">\n\t\t\t\t<div class=\"elementor-widget-container\">\n\t\t\t\t\t\t\t\t\tO OGASEC mant\u00e9m uma busca constante de solu\u00e7\u00f5es personalizadas e se adapta melhor \u00e0s necessidades das empresas e aqui \u00e9 o nosso espa\u00e7o para trocas de ideias, d\u00favidas e sugest\u00f5es. Envie sua mensagem e em breve entre\u00a0em\u00a0contato.\t\t\t\t\t\t\t\t<\/div>\n\t\t\t\t<\/div>\n\t\t\t\t<\/div>\n\t\t\t\t\t<\/div>\n\t\t\t\t<\/div>\n\t\t\t\t<\/div>\n\t\t\t\t\t<\/div>\n\t\t\t\t<\/div>\n\t\t\t\t<section class=\"elementor-section elementor-top-section elementor-element elementor-element-e7680d9 elementor-section-boxed elementor-section-height-default elementor-section-height-default\" data-id=\"e7680d9\" data-element_type=\"section\" data-e-type=\"section\">\n\t\t\t\t\t\t<div class=\"elementor-container elementor-column-gap-default\">\n\t\t\t\t\t<div class=\"elementor-column elementor-col-100 elementor-top-column elementor-element elementor-element-5db483a\" data-id=\"5db483a\" data-element_type=\"column\" data-e-type=\"column\" data-settings=\"{&quot;background_background&quot;:&quot;classic&quot;}\">\n\t\t\t<div class=\"elementor-widget-wrap elementor-element-populated\">\n\t\t\t\t\t\t<div class=\"elementor-element elementor-element-789b8b8 elementor-widget-divider--view-line elementor-widget elementor-widget-divider\" data-id=\"789b8b8\" data-element_type=\"widget\" data-e-type=\"widget\" data-widget_type=\"divider.default\">\n\t\t\t\t<div class=\"elementor-widget-container\">\n\t\t\t\t\t\t\t<div class=\"elementor-divider\">\n\t\t\t<span class=\"elementor-divider-separator\">\n\t\t\t\t\t\t<\/span>\n\t\t<\/div>\n\t\t\t\t\t\t<\/div>\n\t\t\t\t<\/div>\n\t\t\t\t\t<\/div>\n\t\t<\/div>\n\t\t\t\t\t<\/div>\n\t\t<\/section>\n\t\t<div class=\"elementor-element elementor-element-4635037 e-flex e-con-boxed e-con e-parent\" data-id=\"4635037\" data-element_type=\"container\" data-e-type=\"container\">\n\t\t\t\t\t<div class=\"e-con-inner\">\n\t\t<div class=\"elementor-element elementor-element-12f6f13 e-con-full e-flex e-con e-child\" data-id=\"12f6f13\" data-element_type=\"container\" data-e-type=\"container\">\n\t\t\t\t<div class=\"elementor-element elementor-element-989c739 elementor-widget elementor-widget-heading\" data-id=\"989c739\" data-element_type=\"widget\" data-e-type=\"widget\" data-widget_type=\"heading.default\">\n\t\t\t\t<div class=\"elementor-widget-container\">\n\t\t\t\t\t<h3 class=\"elementor-heading-title elementor-size-default\">Contato<\/h3>\t\t\t\t<\/div>\n\t\t\t\t<\/div>\n\t\t\t\t<div class=\"elementor-element elementor-element-c5c9360 elementor-widget elementor-widget-text-editor\" data-id=\"c5c9360\" data-element_type=\"widget\" data-e-type=\"widget\" data-widget_type=\"text-editor.default\">\n\t\t\t\t<div class=\"elementor-widget-container\">\n\t\t\t\t\t\t\t\t\t<p>Para contato por telefone ligue:<\/p><ul><li>Bras\u00edlia &#8211; (61) 3038-1900<\/li><li>S\u00e3o Paulo &#8211; (11) 4130-9930<br \/><br \/><\/li><\/ul>\t\t\t\t\t\t\t\t<\/div>\n\t\t\t\t<\/div>\n\t\t\t\t<\/div>\n\t\t<div class=\"elementor-element elementor-element-d9355a3 e-con-full e-flex e-con e-child\" data-id=\"d9355a3\" data-element_type=\"container\" data-e-type=\"container\">\n\t\t\t\t<div class=\"elementor-element elementor-element-2d7aa61 elementor-widget elementor-widget-spacer\" data-id=\"2d7aa61\" data-element_type=\"widget\" data-e-type=\"widget\" data-widget_type=\"spacer.default\">\n\t\t\t\t<div class=\"elementor-widget-container\">\n\t\t\t\t\t\t\t<div class=\"elementor-spacer\">\n\t\t\t<div class=\"elementor-spacer-inner\"><\/div>\n\t\t<\/div>\n\t\t\t\t\t\t<\/div>\n\t\t\t\t<\/div>\n\t\t\t\t<div class=\"elementor-element elementor-element-edbe363 elementor-widget elementor-widget-text-editor\" data-id=\"edbe363\" data-element_type=\"widget\" data-e-type=\"widget\" data-widget_type=\"text-editor.default\">\n\t\t\t\t<div class=\"elementor-widget-container\">\n\t\t\t\t\t\t\t\t\t<p><em><strong>Bras\u00edlia<\/strong><\/em>:&nbsp;<span style=\"text-align: var(--text-align);\">Setor de Radio e TV Sul Quadra 701, S\/N Bloco K Sala 805,&nbsp;<\/span><span style=\"text-align: var(--text-align);\">Asa Sul &#8211; Brasilia &#8211; DF &#8211; Brasil. CEP:&nbsp;<\/span><span style=\"text-align: var(--text-align);\">70.340-908<\/span><\/p>\t\t\t\t\t\t\t\t<\/div>\n\t\t\t\t<\/div>\n\t\t\t\t<\/div>\n\t\t\t\t\t<\/div>\n\t\t\t\t<\/div>\n\t\t\t\t<\/div>\n\t\t","protected":false},"excerpt":{"rendered":"<p>Canal \u00e9tico Canal \u00e9tico Caso deseje, seu contato poder\u00e1 ser an\u00f4nimo. Se disponibilizar alguma informa\u00e7\u00e3o de contato, poderemos mant\u00ea-lo informado sobre o andamento do processo.\u00a0 Para d\u00favidas, consulte nosso C\u00f3digo de \u00c9tica e Conduta Se preferir, entre em contato por email:\u00a0canal.etico@ogasec.com Para a OGASEC, a integridade faz parte dos valores de base e proteger a [&hellip;]<\/p>\n","protected":false},"author":3,"featured_media":6948,"parent":0,"menu_order":0,"comment_status":"closed","ping_status":"closed","template":"","meta":{"_seopress_robots_primary_cat":"","_seopress_titles_title":"","_seopress_titles_desc":"","_seopress_robots_index":"","footnotes":""},"class_list":["post-991456","page","type-page","status-publish","has-post-thumbnail","hentry"],"_links":{"self":[{"href":"https:\/\/www.ogasec.com\/index.php\/wp-json\/wp\/v2\/pages\/991456","targetHints":{"allow":["GET"]}}],"collection":[{"href":"https:\/\/www.ogasec.com\/index.php\/wp-json\/wp\/v2\/pages"}],"about":[{"href":"https:\/\/www.ogasec.com\/index.php\/wp-json\/wp\/v2\/types\/page"}],"author":[{"embeddable":true,"href":"https:\/\/www.ogasec.com\/index.php\/wp-json\/wp\/v2\/users\/3"}],"replies":[{"embeddable":true,"href":"https:\/\/www.ogasec.com\/index.php\/wp-json\/wp\/v2\/comments?post=991456"}],"version-history":[{"count":19,"href":"https:\/\/www.ogasec.com\/index.php\/wp-json\/wp\/v2\/pages\/991456\/revisions"}],"predecessor-version":[{"id":991752,"href":"https:\/\/www.ogasec.com\/index.php\/wp-json\/wp\/v2\/pages\/991456\/revisions\/991752"}],"wp:featuredmedia":[{"embeddable":true,"href":"https:\/\/www.ogasec.com\/index.php\/wp-json\/wp\/v2\/media\/6948"}],"wp:attachment":[{"href":"https:\/\/www.ogasec.com\/index.php\/wp-json\/wp\/v2\/media?parent=991456"}],"curies":[{"name":"wp","href":"https:\/\/api.w.org\/{rel}","templated":true}]}}