{"id":992913,"date":"2025-07-29T18:11:09","date_gmt":"2025-07-29T21:11:09","guid":{"rendered":"https:\/\/www.ogasec.com\/?page_id=992913"},"modified":"2025-11-18T15:15:33","modified_gmt":"2025-11-18T18:15:33","slug":"download-ebook-lgpd-e-dpo-as-a-service","status":"publish","type":"page","link":"https:\/\/www.ogasec.com\/index.php\/download-ebook-lgpd-e-dpo-as-a-service\/","title":{"rendered":"Landing Page &#8211; Download &#8211; LGPD e DPO as-a-service"},"content":{"rendered":"\t\t<div data-elementor-type=\"wp-page\" data-elementor-id=\"992913\" class=\"elementor elementor-992913\" data-elementor-post-type=\"page\">\n\t\t\t\t<div class=\"elementor-element elementor-element-2665ef2 e-flex e-con-boxed e-con e-parent\" data-id=\"2665ef2\" data-element_type=\"container\" data-e-type=\"container\" id=\"secaoAzul\" data-settings=\"{&quot;background_background&quot;:&quot;classic&quot;}\">\n\t\t\t\t\t<div class=\"e-con-inner\">\n\t\t<div class=\"elementor-element elementor-element-6b17016 e-con-full e-flex e-con e-child\" data-id=\"6b17016\" data-element_type=\"container\" data-e-type=\"container\">\n\t\t\t\t<div class=\"elementor-element elementor-element-e7af28a elementor-widget elementor-widget-heading\" data-id=\"e7af28a\" data-element_type=\"widget\" data-e-type=\"widget\" data-widget_type=\"heading.default\">\n\t\t\t\t<div class=\"elementor-widget-container\">\n\t\t\t\t\t<h3 class=\"elementor-heading-title elementor-size-default\">LGPD e DPO  as-a-service<\/h3>\t\t\t\t<\/div>\n\t\t\t\t<\/div>\n\t\t\t\t<div class=\"elementor-element elementor-element-f4bc561 elementor-widget elementor-widget-heading\" data-id=\"f4bc561\" data-element_type=\"widget\" data-e-type=\"widget\" data-widget_type=\"heading.default\">\n\t\t\t\t<div class=\"elementor-widget-container\">\n\t\t\t\t\t<h5 class=\"elementor-heading-title elementor-size-default\">Preencha o formul\u00e1rio abaixo e receba um material completo para se preparar para as amea\u00e7as cibern\u00e9ticas.<\/h5>\t\t\t\t<\/div>\n\t\t\t\t<\/div>\n\t\t\t\t<div class=\"elementor-element elementor-element-1193956 elementor-icon-list--layout-traditional elementor-list-item-link-full_width elementor-widget elementor-widget-icon-list\" data-id=\"1193956\" data-element_type=\"widget\" data-e-type=\"widget\" data-widget_type=\"icon-list.default\">\n\t\t\t\t<div class=\"elementor-widget-container\">\n\t\t\t\t\t\t\t<ul class=\"elementor-icon-list-items\">\n\t\t\t\t\t\t\t<li class=\"elementor-icon-list-item\">\n\t\t\t\t\t\t\t\t\t\t\t<span class=\"elementor-icon-list-icon\">\n\t\t\t\t\t\t\t<svg aria-hidden=\"true\" class=\"e-font-icon-svg e-fas-check-circle\" viewBox=\"0 0 512 512\" xmlns=\"http:\/\/www.w3.org\/2000\/svg\"><path d=\"M504 256c0 136.967-111.033 248-248 248S8 392.967 8 256 119.033 8 256 8s248 111.033 248 248zM227.314 387.314l184-184c6.248-6.248 6.248-16.379 0-22.627l-22.627-22.627c-6.248-6.249-16.379-6.249-22.628 0L216 308.118l-70.059-70.059c-6.248-6.248-16.379-6.248-22.628 0l-22.627 22.627c-6.248 6.248-6.248 16.379 0 22.627l104 104c6.249 6.249 16.379 6.249 22.628.001z\"><\/path><\/svg>\t\t\t\t\t\t<\/span>\n\t\t\t\t\t\t\t\t\t\t<span class=\"elementor-icon-list-text\">O que muda com a LGPD e quais s\u00e3o os principais riscos de n\u00e3o se adequar<\/span>\n\t\t\t\t\t\t\t\t\t<\/li>\n\t\t\t\t\t\t\t\t<li class=\"elementor-icon-list-item\">\n\t\t\t\t\t\t\t\t\t\t\t<span class=\"elementor-icon-list-icon\">\n\t\t\t\t\t\t\t<svg aria-hidden=\"true\" class=\"e-font-icon-svg e-fas-check-circle\" viewBox=\"0 0 512 512\" xmlns=\"http:\/\/www.w3.org\/2000\/svg\"><path d=\"M504 256c0 136.967-111.033 248-248 248S8 392.967 8 256 119.033 8 256 8s248 111.033 248 248zM227.314 387.314l184-184c6.248-6.248 6.248-16.379 0-22.627l-22.627-22.627c-6.248-6.249-16.379-6.249-22.628 0L216 308.118l-70.059-70.059c-6.248-6.248-16.379-6.248-22.628 0l-22.627 22.627c-6.248 6.248-6.248 16.379 0 22.627l104 104c6.249 6.249 16.379 6.249 22.628.001z\"><\/path><\/svg>\t\t\t\t\t\t<\/span>\n\t\t\t\t\t\t\t\t\t\t<span class=\"elementor-icon-list-text\">Como mapear o ciclo de vida dos dados pessoais na sua empresa<\/span>\n\t\t\t\t\t\t\t\t\t<\/li>\n\t\t\t\t\t\t\t\t<li class=\"elementor-icon-list-item\">\n\t\t\t\t\t\t\t\t\t\t\t<span class=\"elementor-icon-list-icon\">\n\t\t\t\t\t\t\t<svg aria-hidden=\"true\" class=\"e-font-icon-svg e-fas-check-circle\" viewBox=\"0 0 512 512\" xmlns=\"http:\/\/www.w3.org\/2000\/svg\"><path d=\"M504 256c0 136.967-111.033 248-248 248S8 392.967 8 256 119.033 8 256 8s248 111.033 248 248zM227.314 387.314l184-184c6.248-6.248 6.248-16.379 0-22.627l-22.627-22.627c-6.248-6.249-16.379-6.249-22.628 0L216 308.118l-70.059-70.059c-6.248-6.248-16.379-6.248-22.628 0l-22.627 22.627c-6.248 6.248-6.248 16.379 0 22.627l104 104c6.249 6.249 16.379 6.249 22.628.001z\"><\/path><\/svg>\t\t\t\t\t\t<\/span>\n\t\t\t\t\t\t\t\t\t\t<span class=\"elementor-icon-list-text\">Medidas t\u00e9cnicas e administrativas essenciais para atender \u00e0 legisla\u00e7\u00e3o<\/span>\n\t\t\t\t\t\t\t\t\t<\/li>\n\t\t\t\t\t\t\t\t<li class=\"elementor-icon-list-item\">\n\t\t\t\t\t\t\t\t\t\t\t<span class=\"elementor-icon-list-icon\">\n\t\t\t\t\t\t\t<svg aria-hidden=\"true\" class=\"e-font-icon-svg e-fas-check-circle\" viewBox=\"0 0 512 512\" xmlns=\"http:\/\/www.w3.org\/2000\/svg\"><path d=\"M504 256c0 136.967-111.033 248-248 248S8 392.967 8 256 119.033 8 256 8s248 111.033 248 248zM227.314 387.314l184-184c6.248-6.248 6.248-16.379 0-22.627l-22.627-22.627c-6.248-6.249-16.379-6.249-22.628 0L216 308.118l-70.059-70.059c-6.248-6.248-16.379-6.248-22.628 0l-22.627 22.627c-6.248 6.248-6.248 16.379 0 22.627l104 104c6.249 6.249 16.379 6.249 22.628.001z\"><\/path><\/svg>\t\t\t\t\t\t<\/span>\n\t\t\t\t\t\t\t\t\t\t<span class=\"elementor-icon-list-text\">Qual o papel do DPO e como funciona o modelo DPO-as-a-Service<\/span>\n\t\t\t\t\t\t\t\t\t<\/li>\n\t\t\t\t\t\t\t\t<li class=\"elementor-icon-list-item\">\n\t\t\t\t\t\t\t\t\t\t\t<span class=\"elementor-icon-list-icon\">\n\t\t\t\t\t\t\t<svg aria-hidden=\"true\" class=\"e-font-icon-svg e-fas-check-circle\" viewBox=\"0 0 512 512\" xmlns=\"http:\/\/www.w3.org\/2000\/svg\"><path d=\"M504 256c0 136.967-111.033 248-248 248S8 392.967 8 256 119.033 8 256 8s248 111.033 248 248zM227.314 387.314l184-184c6.248-6.248 6.248-16.379 0-22.627l-22.627-22.627c-6.248-6.249-16.379-6.249-22.628 0L216 308.118l-70.059-70.059c-6.248-6.248-16.379-6.248-22.628 0l-22.627 22.627c-6.248 6.248-6.248 16.379 0 22.627l104 104c6.249 6.249 16.379 6.249 22.628.001z\"><\/path><\/svg>\t\t\t\t\t\t<\/span>\n\t\t\t\t\t\t\t\t\t\t<span class=\"elementor-icon-list-text\">Boas pr\u00e1ticas para criar uma cultura organizacional orientada \u00e0 privacidade<\/span>\n\t\t\t\t\t\t\t\t\t<\/li>\n\t\t\t\t\t\t<\/ul>\n\t\t\t\t\t\t<\/div>\n\t\t\t\t<\/div>\n\t\t\t\t<div class=\"elementor-element elementor-element-dd17f24 elementor-widget elementor-widget-shortcode\" data-id=\"dd17f24\" data-element_type=\"widget\" data-e-type=\"widget\" data-widget_type=\"shortcode.default\">\n\t\t\t\t<div class=\"elementor-widget-container\">\n\t\t\t\t\t\t\t<div class=\"elementor-shortcode\">\n<div class=\"wpcf7 no-js\" id=\"wpcf7-f993162-o1\" lang=\"pt-BR\" dir=\"ltr\" data-wpcf7-id=\"993162\">\n<div class=\"screen-reader-response\"><p role=\"status\" aria-live=\"polite\" aria-atomic=\"true\"><\/p> <ul><\/ul><\/div>\n<form action=\"\/index.php\/wp-json\/wp\/v2\/pages\/992913#wpcf7-f993162-o1\" method=\"post\" class=\"wpcf7-form init\" aria-label=\"Formul\u00e1rios de contato\" novalidate=\"novalidate\" data-status=\"init\">\n<fieldset class=\"hidden-fields-container\"><input type=\"hidden\" name=\"_wpcf7\" value=\"993162\" \/><input type=\"hidden\" name=\"_wpcf7_version\" value=\"6.1.5\" \/><input type=\"hidden\" name=\"_wpcf7_locale\" value=\"pt_BR\" \/><input type=\"hidden\" name=\"_wpcf7_unit_tag\" value=\"wpcf7-f993162-o1\" \/><input type=\"hidden\" name=\"_wpcf7_container_post\" value=\"0\" \/><input type=\"hidden\" name=\"_wpcf7_posted_data_hash\" value=\"\" \/><input type=\"hidden\" name=\"_wpcf7_recaptcha_response\" value=\"\" \/>\n<\/fieldset>\n<p><span class=\"wpcf7-form-control-wrap\" data-name=\"your-name\"><input size=\"40\" maxlength=\"400\" class=\"wpcf7-form-control wpcf7-text wpcf7-validates-as-required\" id=\"idName\" aria-required=\"true\" aria-invalid=\"false\" placeholder=\"Seu nome\" value=\"\" type=\"text\" name=\"your-name\" \/><\/span>\n<\/p>\n<p><span class=\"wpcf7-form-control-wrap\" data-name=\"your-company\"><input size=\"40\" maxlength=\"400\" class=\"wpcf7-form-control wpcf7-text wpcf7-validates-as-required\" id=\"idCompany\" aria-required=\"true\" aria-invalid=\"false\" placeholder=\"Nome Empresa\" value=\"\" type=\"text\" name=\"your-company\" \/><\/span>\n<\/p>\n<p><span class=\"wpcf7-form-control-wrap\" data-name=\"your-email\"><input size=\"40\" maxlength=\"400\" class=\"wpcf7-form-control wpcf7-email wpcf7-validates-as-required wpcf7-text wpcf7-validates-as-email\" id=\"idEmail\" aria-required=\"true\" aria-invalid=\"false\" placeholder=\"Seu e-mail\" value=\"\" type=\"email\" name=\"your-email\" \/><\/span>\n<\/p>\n<p><span class=\"wpcf7-form-control-wrap\" data-name=\"seu-telefone\"><input size=\"40\" maxlength=\"400\" class=\"wpcf7-form-control wpcf7-tel wpcf7-validates-as-required wpcf7-text wpcf7-validates-as-tel\" aria-required=\"true\" aria-invalid=\"false\" placeholder=\"(XX) 9XXXX-XXXX\" value=\"\" type=\"tel\" name=\"seu-telefone\" \/><\/span>\n<\/p>\n<input class=\"wpcf7-form-control wpcf7-hidden\" id=\"idOrigem\" value=\"\" type=\"hidden\" name=\"origem-lead\" \/>\n<p>Para receber o eBook, \u00e9 necess\u00e1rio concordar com nossos termos e pol\u00edticas:\n<\/p>\n<p><span class=\"wpcf7-form-control-wrap\" data-name=\"consent-total\"><span class=\"wpcf7-form-control wpcf7-acceptance\"><span class=\"wpcf7-list-item\"><label><input type=\"checkbox\" name=\"consent-total\" value=\"1\" aria-invalid=\"false\" \/><span class=\"wpcf7-list-item-label\">Ao marcar esta caixa, eu concordo com a <a href=\"https:\/\/www.ogasec.com\/index.php\/politicas-ogasec\" target=\"_blank\">Pol\u00edtica de Privacidade<\/a>, autorizo o tratamento dos meus dados e aceito receber comunica\u00e7\u00f5es da Ogasec via e-mail e outros canais.<\/span><\/label><\/span><\/span><\/span>\n<\/p>\n<p><input class=\"wpcf7-form-control wpcf7-submit has-spinner\" type=\"submit\" value=\"Receber Ebook\" \/>\n<\/p><div class=\"wpcf7-response-output\" aria-hidden=\"true\"><\/div>\n<\/form>\n<\/div>\n<\/div>\n\t\t\t\t\t\t<\/div>\n\t\t\t\t<\/div>\n\t\t\t\t<div class=\"elementor-element elementor-element-4c077ab elementor-widget elementor-widget-html\" data-id=\"4c077ab\" data-element_type=\"widget\" data-e-type=\"widget\" data-widget_type=\"html.default\">\n\t\t\t\t<div class=\"elementor-widget-container\">\n\t\t\t\t\t<script>\r\n    document.addEventListener('DOMContentLoaded', function() {\r\n        const targetElement = document.getElementById('secaoAzul'); \/\/ O ID da sua se\u00e7\u00e3o azul\r\n\r\n        if (targetElement) {\r\n            const startPosition = window.pageYOffset; \/\/ Posi\u00e7\u00e3o atual de rolagem da janela\r\n            const elementTop = targetElement.getBoundingClientRect().top; \/\/ Posi\u00e7\u00e3o do topo do elemento relativa \u00e0 viewport\r\n\r\n            \/\/ *** AJUSTE ESTE VALOR: o n\u00famero de pixels para rolar *acima* do topo do elemento ***\r\n            \/\/ Aumente este valor se o t\u00edtulo ainda estiver cortado.\r\n            \/\/ Diminua se a rolagem estiver parando muito antes do desejado.\r\n            const offsetPixels = 30; \/\/ Exemplo: 30 pixels. Ajuste conforme necess\u00e1rio!\r\n\r\n            \/\/ Calcula a posi\u00e7\u00e3o final da rolagem, subtraindo o offset\r\n            const targetPositionWithOffset = elementTop + startPosition - offsetPixels;\r\n\r\n            \/\/ Garante que a rolagem n\u00e3o v\u00e1 para uma posi\u00e7\u00e3o negativa (acima do topo da p\u00e1gina)\r\n            const finalTargetPosition = Math.max(0, targetPositionWithOffset);\r\n\r\n            const distance = finalTargetPosition - startPosition;\r\n            const duration = 1500; \/\/ Dura\u00e7\u00e3o da anima\u00e7\u00e3o em milissegundos\r\n            let startTime = null;\r\n\r\n            function easeInOutQuad(t, b, c, d) {\r\n                t \/= d \/ 2;\r\n                if (t < 1) return c \/ 2 * t * t + b;\r\n                t--;\r\n                return -c \/ 2 * (t * (t - 2) - 1) + b;\r\n            }\r\n\r\n            function animateScroll(currentTime) {\r\n                if (startTime === null) startTime = currentTime;\r\n                const timeElapsed = currentTime - startTime;\r\n                const nextScrollPosition = easeInOutQuad(timeElapsed, startPosition, distance, duration);\r\n\r\n                window.scrollTo(0, nextScrollPosition);\r\n\r\n                if (timeElapsed < duration) {\r\n                    requestAnimationFrame(animateScroll);\r\n                } else {\r\n                    window.scrollTo(0, finalTargetPosition); \/\/ Garante que termine exatamente na posi\u00e7\u00e3o\r\n                }\r\n            }\r\n\r\n            requestAnimationFrame(animateScroll);\r\n        }\r\n    });\r\n<\/script>\t\t\t\t<\/div>\n\t\t\t\t<\/div>\n\t\t\t\t<div class=\"elementor-element elementor-element-870c819 elementor-widget elementor-widget-html\" data-id=\"870c819\" data-element_type=\"widget\" data-e-type=\"widget\" data-widget_type=\"html.default\">\n\t\t\t\t<div class=\"elementor-widget-container\">\n\t\t\t\t\t<script>\r\ndocument.addEventListener('wpcf7submit', function(event) {\r\n    if (event.detail.status === 'mail_sent') {\r\n\r\n        console.log(\"--- IN\u00cdCIO DO PROCESSO DE ENVIO ---\");\r\n        \r\n        \/\/ Fun\u00e7\u00e3o para encontrar o valor de um campo pelo NOME\r\n        const getFieldValue = (fieldName) => {\r\n            const inputs = event.detail.inputs;\r\n            const field = inputs.find(input => input.name === fieldName);\r\n            return field ? field.value : \"\";\r\n        };\r\n\r\n        \/\/ Captura os valores usando os NOMES exatos dos campos do Contact Form 7\r\n        const name = getFieldValue(\"your-name\");\r\n        const company = getFieldValue(\"your-company\");\r\n        const email = getFieldValue(\"your-email\");\r\n        const telefone = getFieldValue(\"seu-telefone\");\r\n        const origem = getFieldValue(\"origem-lead\") || \"LGPD e DPO as-a-service\"; \r\n\r\n        console.log(`Valores capturados: Nome=${name}, Empresa=${company}, Email=${email}, Telefone=${telefone}`);\r\n\r\n        \/\/ --- A\u00c7\u00c3O 1: ENVIAR DADOS PARA O PIPERUN ---\r\n        const endpointHash = \"https:\/\/app.pipe.run\/webservice\/integradorJson?hash=262cf79b-c9df-410d-a5b3-2f329dbb44f1\";\r\n\r\n        const dataToSend = {\r\n            rules: { update: false, status: \"open\", equal_pipeline: true, filter_status_update: \"open\" },\r\n            leads: [{ \r\n                id: email, \r\n                title: `Lead: ${name} (${company}) - ${origem}`,\r\n                company: company, \r\n                name: name, \r\n                email: email,\r\n                phone: telefone,\r\n                origin: origem \r\n            }]\r\n        };\r\n\r\n        console.log(\"Preparando para enviar os seguintes dados para o PipeRun:\", JSON.stringify(dataToSend, null, 2));\r\n        \r\n        fetch(endpointHash, {\r\n            method: \"POST\",\r\n            headers: { \"Content-Type\": \"application\/json\" },\r\n            body: JSON.stringify(dataToSend)\r\n        })\r\n        .then(response => response.json())\r\n        .then(data => {\r\n            console.log(\"SUCESSO! Resposta do PipeRun:\", data);\r\n        })\r\n        .catch(error => {\r\n            console.error(\"ERRO CR\u00cdTICO AO ENVIAR PARA O PIPERUN:\", error);\r\n        });\r\n\r\n        \/\/ --- A\u00c7\u00c3O 2: MOSTRAR O BOT\u00c3O DE DOWNLOAD ---\r\n        const botaoDiv = document.getElementById('botao-download');\r\n        if (botaoDiv) {\r\n            console.log(\"Mostrando o bot\u00e3o de download.\");\r\n            botaoDiv.style.display = 'block';\r\n            botaoDiv.scrollIntoView({ behavior: 'smooth', block: 'center' });\r\n        } else {\r\n            console.warn(\"Elemento #botao-download n\u00e3o encontrado.\");\r\n        }\r\n    }\r\n}, false);\r\n<\/script>\t\t\t\t<\/div>\n\t\t\t\t<\/div>\n\t\t\t\t<div class=\"elementor-element elementor-element-896c7ab elementor-widget elementor-widget-html\" data-id=\"896c7ab\" data-element_type=\"widget\" data-e-type=\"widget\" data-widget_type=\"html.default\">\n\t\t\t\t<div class=\"elementor-widget-container\">\n\t\t\t\t\t<div id=\"botao-download\" style=\"display: none; margin-top: 20px;\">\r\n  <a href=\"https:\/\/www.ogasec.com\/wp-content\/uploads\/2025\/10\/Ogasec-LGPD-e-DPO-as-a-Service.pdf\" target=\"_blank\" class=\"btn-download\">Baixar eBook<\/a>\r\n<\/div>\r\n\t\t\t\t<\/div>\n\t\t\t\t<\/div>\n\t\t\t\t<\/div>\n\t\t<div class=\"elementor-element elementor-element-38edd1f e-con-full e-flex e-con e-child\" data-id=\"38edd1f\" data-element_type=\"container\" data-e-type=\"container\">\n\t\t\t\t<div class=\"elementor-element elementor-element-9028aa4 elementor-widget__width-initial elementor-widget elementor-widget-image\" data-id=\"9028aa4\" data-element_type=\"widget\" data-e-type=\"widget\" data-widget_type=\"image.default\">\n\t\t\t\t<div class=\"elementor-widget-container\">\n\t\t\t\t\t\t\t\t\t\t\t\t\t\t\t<img alt=\"\" fetchpriority=\"high\" decoding=\"async\" width=\"700\" height=\"650\" src=\"https:\/\/www.ogasec.com\/wp-content\/uploads\/2025\/07\/fragola-mockups.png\" class=\"attachment-large size-large wp-image-992420\" alt=\"\" srcset=\"https:\/\/www.ogasec.com\/wp-content\/uploads\/2025\/07\/fragola-mockups.png 700w, https:\/\/www.ogasec.com\/wp-content\/uploads\/2025\/07\/fragola-mockups-300x279.png 300w\" sizes=\"(max-width: 700px) 100vw, 700px\" \/>\t\t\t\t\t\t\t\t\t\t\t\t\t\t\t<\/div>\n\t\t\t\t<\/div>\n\t\t\t\t<\/div>\n\t\t\t\t\t<\/div>\n\t\t\t\t<\/div>\n\t\t\t\t<\/div>\n\t\t","protected":false},"excerpt":{"rendered":"<p>LGPD e DPO as-a-service Preencha o formul\u00e1rio abaixo e receba um material completo para se preparar para as amea\u00e7as cibern\u00e9ticas. O que muda com a LGPD e quais s\u00e3o os principais riscos de n\u00e3o se adequar Como mapear o ciclo de vida dos dados pessoais na sua empresa Medidas t\u00e9cnicas e administrativas essenciais para atender [&hellip;]<\/p>\n","protected":false},"author":2,"featured_media":0,"parent":0,"menu_order":0,"comment_status":"closed","ping_status":"closed","template":"","meta":{"_seopress_robots_primary_cat":"","_seopress_titles_title":"","_seopress_titles_desc":"","_seopress_robots_index":"","footnotes":""},"class_list":["post-992913","page","type-page","status-publish","hentry"],"_links":{"self":[{"href":"https:\/\/www.ogasec.com\/index.php\/wp-json\/wp\/v2\/pages\/992913","targetHints":{"allow":["GET"]}}],"collection":[{"href":"https:\/\/www.ogasec.com\/index.php\/wp-json\/wp\/v2\/pages"}],"about":[{"href":"https:\/\/www.ogasec.com\/index.php\/wp-json\/wp\/v2\/types\/page"}],"author":[{"embeddable":true,"href":"https:\/\/www.ogasec.com\/index.php\/wp-json\/wp\/v2\/users\/2"}],"replies":[{"embeddable":true,"href":"https:\/\/www.ogasec.com\/index.php\/wp-json\/wp\/v2\/comments?post=992913"}],"version-history":[{"count":46,"href":"https:\/\/www.ogasec.com\/index.php\/wp-json\/wp\/v2\/pages\/992913\/revisions"}],"predecessor-version":[{"id":993590,"href":"https:\/\/www.ogasec.com\/index.php\/wp-json\/wp\/v2\/pages\/992913\/revisions\/993590"}],"wp:attachment":[{"href":"https:\/\/www.ogasec.com\/index.php\/wp-json\/wp\/v2\/media?parent=992913"}],"curies":[{"name":"wp","href":"https:\/\/api.w.org\/{rel}","templated":true}]}}